{"id":11,"date":"2016-08-27T07:49:24","date_gmt":"2016-08-27T06:49:24","guid":{"rendered":"http:\/\/267.gvs.arnes.si\/Projekt\/?page_id=11"},"modified":"2025-11-07T10:44:47","modified_gmt":"2025-11-07T09:44:47","slug":"partnerji-in-kontakti","status":"publish","type":"page","link":"https:\/\/www.usposabljanje-mentorjev.si\/index.php\/partnerji-in-kontakti\/","title":{"rendered":"Partnerji in kontakti"},"content":{"rendered":"<table width=\"800\">\n<tbody>\n<tr>\n<td width=\"250\"><strong>Organizacija<\/strong><\/td>\n<td width=\"250\"><strong>Odgovorna oseba<\/strong><\/td>\n<td width=\"150\"><strong>Kontaktna oseba<\/strong><\/td>\n<td width=\"150\"><strong>Kontakt<\/strong><\/td>\n<\/tr>\n<tr>\n<td width=\"175\"><a href=\"https:\/\/www.bic-lj.si\/brezplacna-usposabljanja\" target=\"_blank\" rel=\"noopener\">Biotehni\u0161ki izobra\u017eevalni center Ljubljana<\/a><\/td>\n<td width=\"175\">mag. Jasna Kr\u017ein Stepi\u0161nik, direktorica<\/td>\n<td width=\"175\">Nu\u0161a Simon\u010di\u010d Klinc<\/td>\n<td width=\"175\"><strong><a href=\"mailto:nusa.simoncic-klinc@bic-lj.si\">nusa.simoncic-klinc@bic-lj.si<\/a><\/strong><\/td>\n<\/tr>\n<tr>\n<td width=\"175\"><a href=\"http:\/\/www.bc-naklo.si\/izobrazevanje-odraslih-npk-tecaji-in-delavnice\/brezplacna-usposabljanja\/usposabljanje-mentorjev-2016-2021\/usposabljanje-mentorjev-v-podjetjih-2021-2023\/\" target=\"_blank\" rel=\"noopener\">Biotehni\u0161ki center Naklo<\/a><\/td>\n<td width=\"175\">dr. Marijan Poga\u010dnik, direktor<\/td>\n<td width=\"175\">Martina Kramari\u010d<\/td>\n<td width=\"175\"><b><a href=\"mailto:martina.kramaric@bc-naklo.si\" target=\"_blank\" rel=\"noopener\">martina.kramaric@bc-naklo.si<\/a><\/b><\/td>\n<\/tr>\n<tr>\n<td width=\"175\"><a href=\"https:\/\/www.grm-nm.si\/content\/usposabljanje-mentorjev-v-podjetjih\" target=\"_blank\" rel=\"noopener\">GRM Novo mesto &#8211; Center biotehnike in turizma<\/a><\/td>\n<td width=\"175\">mag. Mojca \u0160pec Poto\u010dar, v.d. direktorica<\/td>\n<td width=\"175\">dr. Mojca Kogov\u0161ek<\/td>\n<td width=\"175\"><a href=\"mailto:mojca.kogovsek2@guest.arnes.si\"><b>mojca.kogovsek2@guest.arnes.si<\/b><\/a><\/td>\n<\/tr>\n<tr>\n<td width=\"175\"><a href=\"https:\/\/www.icp-mb.si\/\" target=\"_blank\" rel=\"noopener\">Izobra\u017eevalni center Piramida Maribor<\/a><\/td>\n<td width=\"175\">Tina Pokriva\u010d, direktorica<\/td>\n<td width=\"175\">Tina Pokriva\u010d<\/td>\n<td width=\"175\"><strong><a href=\"tina.pokrivac@icp-mb.si\"> tina.pokrivac@icp-mb.si<\/a><\/strong><\/td>\n<\/tr>\n<tr>\n<td width=\"175\"><a href=\"https:\/\/sglzs.si\/\" target=\"_blank\" rel=\"noopener\">Srednja gozdarska, lesarska in zdravstvena \u0161ola Postojna<\/a><\/td>\n<td width=\"175\">Miha Uhelj, ravnatelj<\/td>\n<td width=\"175\">Marko Nabergoj<\/td>\n<td width=\"175\"><strong><a href=\"mailto:marko.nabergoj@guest.arnes.si\">marko.nabergoj@guest.arnes.si<\/a><\/strong><\/td>\n<\/tr>\n<tr>\n<td width=\"175\"><a href=\"http:\/\/www.ssgtlj.si\/index.php?option=com_content&amp;view=article&amp;id=1071:usposabljanje-mentorjev-2020&amp;catid=68&amp;Itemid=200097\" target=\"_blank\" rel=\"noopener\">Srednja \u0161ola za gastronomijo in turizem Ljubljana<\/a><\/td>\n<td width=\"175\">Inka Nose, ravnateljica<\/td>\n<td width=\"175\">Anica Oblak Janko<\/td>\n<td width=\"175\"><strong><a href=\"mailto:anica.oblakjanko@ssgtlj.si\">anica.oblakjanko@ssgtlj.si<\/a><\/strong><\/td>\n<\/tr>\n<tr>\n<td width=\"175\"><a href=\"http:\/\/www.srednjasolaizola.si\/\" target=\"_blank\" rel=\"noopener\">Srednja \u0161ola Izola<\/a><\/td>\n<td width=\"175\">Adelija Perne, ravnateljica<\/td>\n<td width=\"175\">Nata\u0161a Cah<\/td>\n<td width=\"175\"><strong><a href=\"mailto:natasa.cah@guest.arnes.si\">natasa.cah@guest.arnes.si<\/a><\/strong><\/td>\n<\/tr>\n<tr>\n<td width=\"175\"><a href=\"https:\/\/www.ssgt-mb.si\/stran\/6\/projekti\" target=\"_blank\" rel=\"noopener\">Srednja \u0161ola za gostinstvo in turizem Maribor<\/a><\/td>\n<td width=\"175\">Du\u0161an Erjavec, ravnatelj<\/td>\n<td width=\"175\">Marjan Bo\u017ei\u010dko<\/td>\n<td width=\"175\"><a href=\"mailto:marjan.bozicko@guest.arnes.si\"><b>marjan.bozicko@guest.arnes.si\u00a0<\/b><\/a><\/td>\n<\/tr>\n<tr>\n<td width=\"175\"><a href=\"http:\/\/www.ssgt.si\/sola\/mic\/usposabljanje-mentorjev-pudpri\/\" target=\"_blank\" rel=\"noopener\">SIC Alme M. Karlin<\/a><\/td>\n<td width=\"175\">Iztok Leskovar, ravnatelj<\/td>\n<td width=\"175\">Maja Seni\u010dar<\/td>\n<td width=\"175\"><strong><a href=\"mailto:maja.senicar@sic-alma.si\" target=\"_blank\" rel=\"noopener\">maja.senicar@sic-<wbr \/>alma.si<\/a><\/strong><\/td>\n<\/tr>\n<tr>\n<td width=\"175\"><a href=\"https:\/\/www.hvu.si\/izobrazevalni-center\/?page_id=25\" target=\"_blank\" rel=\"noopener\">\u0160ola za hortikulturo in vizualne umetnosti Celje<\/a><\/td>\n<td width=\"175\">\u0160tefanija Kos Zidar, direktorica<\/td>\n<td width=\"175\">Bogdana Kapitler<\/p>\n<p>Anja \u017du\u017eej Gobec<\/td>\n<td width=\"175\"><a href=\"mailto:bogdana.kapitler@hvu.si\"><strong>bogdana.kapitler@hvu.si<\/strong><\/a><\/p>\n<p><strong><a href=\"mailto:anja.zuzej-gobec@hvu.si\">anja.zuzej-gobec@hvu.si<\/a><\/strong><\/td>\n<\/tr>\n<tr>\n<td width=\"175\"><a href=\"https:\/\/www.sc-sg.net\/\" target=\"_blank\" rel=\"noopener\">\u0160olski center Slovenj Gradec<\/a><\/td>\n<td width=\"175\">mag. Gabrijela Kotnik, direktorica<\/td>\n<td width=\"175\">Adolf Flis<\/td>\n<td width=\"175\"><strong><a href=\"mailto:adolf.flis@sc-sg.si\">adolf.flis@sc-sg.si<\/a><\/strong><\/td>\n<\/tr>\n<tr>\n<td width=\"175\"><a href=\"https:\/\/www.sc-konjice-zrece.si\/index.php\/projektiurl\/projekti\" target=\"_blank\" rel=\"noopener\">\u0160olski center Slovenske Konjice-Zre\u010de<\/a><\/td>\n<td width=\"175\">Jasmina Mihelak Zupan\u010di\u010d, direktorica<\/td>\n<td width=\"175\">Polona Kloko\u010dovnik<\/td>\n<td width=\"175\"><strong><a href=\"mailto:polona.klokocovnik@guest.arnes.si\">polona.klokocovnik@guest.arnes.si\u00a0<\/a><\/strong><\/td>\n<\/tr>\n<tr>\n<td width=\"175\"><a href=\"https:\/\/sc-s.si\/joomla\/\" target=\"_blank\" rel=\"noopener\">\u0160olski center \u0160entjur<\/a><\/td>\n<td width=\"175\">mag. Branko \u0160ket, direktor<\/td>\n<td width=\"175\">Metoda Kri\u017eanec<\/td>\n<td width=\"175\"><a href=\"mailto:metoda.krizanec@sc-s.si\"><b>metoda.krizanec@sc-s.si\u00a0<\/b><\/a><\/td>\n<\/tr>\n<tr>\n<td width=\"175\"><a href=\"https:\/\/www.ozs.si\/o-zbornici\/projekti\/usposabljanje-mentorjev\" target=\"_blank\" rel=\"noopener\">Obrtno-podjetni\u0161ka zbornica Slovenije<\/a><\/td>\n<td width=\"175\">Danijel Lamperger, direktor<\/td>\n<td width=\"175\">Suzana Kljun<\/td>\n<td width=\"175\"><a href=\"mailto:suzana.kljun@ozs.si\"><b>suzana.kljun@ozs.si<\/b><\/a><\/td>\n<\/tr>\n<tr>\n<td width=\"175\"><a href=\"https:\/\/www.gzs.si\/vajenistvo\/vsebina\/MENTORJI\/Termini-usposabljanja\" target=\"_blank\" rel=\"noopener\">Gospodarska zbornica Slovenije<\/a><\/td>\n<td width=\"175\">Vesna Nahtigal, generalna direktorica<\/td>\n<td width=\"175\">Barbara Krajnc<\/td>\n<td width=\"175\"><b><a href=\"mailto:barbara.krajnc@cpu.si\">barbara.krajnc@cpu.si<\/a><\/b><\/td>\n<\/tr>\n<\/tbody>\n<\/table>\n<p><!--more--><\/p>\n","protected":false},"excerpt":{"rendered":"<p>Organizacija Odgovorna oseba Kontaktna oseba Kontakt Biotehni\u0161ki izobra\u017eevalni center Ljubljana mag. Jasna Kr\u017ein Stepi\u0161nik, direktorica Nu\u0161a Simon\u010di\u010d Klinc nusa.simoncic-klinc@bic-lj.si Biotehni\u0161ki center Naklo dr. Marijan Poga\u010dnik, direktor Martina Kramari\u010d martina.kramaric@bc-naklo.si GRM Novo mesto &#8211; Center biotehnike in turizma mag. Mojca \u0160pec Poto\u010dar, v.d. direktorica dr. Mojca Kogov\u0161ek mojca.kogovsek2@guest.arnes.si Izobra\u017eevalni center Piramida Maribor Tina Pokriva\u010d, direktorica Tina [&hellip;]<\/p>\n","protected":false},"author":2,"featured_media":0,"parent":0,"menu_order":0,"comment_status":"closed","ping_status":"closed","template":"","meta":[],"_links":{"self":[{"href":"https:\/\/www.usposabljanje-mentorjev.si\/index.php\/wp-json\/wp\/v2\/pages\/11"}],"collection":[{"href":"https:\/\/www.usposabljanje-mentorjev.si\/index.php\/wp-json\/wp\/v2\/pages"}],"about":[{"href":"https:\/\/www.usposabljanje-mentorjev.si\/index.php\/wp-json\/wp\/v2\/types\/page"}],"author":[{"embeddable":true,"href":"https:\/\/www.usposabljanje-mentorjev.si\/index.php\/wp-json\/wp\/v2\/users\/2"}],"replies":[{"embeddable":true,"href":"https:\/\/www.usposabljanje-mentorjev.si\/index.php\/wp-json\/wp\/v2\/comments?post=11"}],"version-history":[{"count":81,"href":"https:\/\/www.usposabljanje-mentorjev.si\/index.php\/wp-json\/wp\/v2\/pages\/11\/revisions"}],"predecessor-version":[{"id":9093,"href":"https:\/\/www.usposabljanje-mentorjev.si\/index.php\/wp-json\/wp\/v2\/pages\/11\/revisions\/9093"}],"wp:attachment":[{"href":"https:\/\/www.usposabljanje-mentorjev.si\/index.php\/wp-json\/wp\/v2\/media?parent=11"}],"curies":[{"name":"wp","href":"https:\/\/api.w.org\/{rel}","templated":true}]}}