{"id":15,"date":"2016-08-27T07:50:00","date_gmt":"2016-08-27T06:50:00","guid":{"rendered":"http:\/\/267.gvs.arnes.si\/Projekt\/?page_id=15"},"modified":"2021-05-25T15:29:40","modified_gmt":"2021-05-25T13:29:40","slug":"aktualna-usposabljanja","status":"publish","type":"page","link":"https:\/\/www.usposabljanje-mentorjev.si\/index.php\/aktualna-usposabljanja\/","title":{"rendered":"Aktualna usposabljanja"},"content":{"rendered":"<table width=\"718\">\n<tbody>\n<tr>\n<td style=\"text-align: center;\" colspan=\"7\" width=\"718\">IZVEDBA USPOSABLJANJ MENTORJEV (najmanj tridnevna usposabljanja) za skupno 2500 mentorjev.<\/td>\n<\/tr>\n<tr>\n<td colspan=\"5\" width=\"414\"><strong>Statisti\u010dna regija in kraj izvajanja<\/strong><\/td>\n<td style=\"text-align: center;\" width=\"197\"><strong>Konzorcijski partner<\/strong><\/td>\n<td style=\"text-align: center;\" width=\"107\"><strong>Leto 2021<\/strong><\/td>\n<\/tr>\n<tr>\n<td colspan=\"7\" width=\"718\"><strong>VZHODNA KOHEZIJSKA REGIJA (za skupno 1325 mentorjev)<\/strong><\/td>\n<\/tr>\n<tr>\n<td colspan=\"5\"><strong>01 Pomurska<\/strong><\/td>\n<td><\/td>\n<td><\/td>\n<\/tr>\n<tr>\n<td><\/td>\n<td colspan=\"4\" width=\"350\">Terme 3000, Krajn\u010deva 12, 9226 Moravske toplice<\/td>\n<td>S\u0160GT Maribor<\/td>\n<td>\/<\/td>\n<\/tr>\n<tr>\n<td><\/td>\n<td colspan=\"4\" width=\"350\">OOZ Murska Sobota, Lendavska 33, 9000 Murska Sobota<\/td>\n<td>OZS<\/td>\n<td>\/<\/td>\n<\/tr>\n<tr>\n<td><\/td>\n<td colspan=\"4\" width=\"350\">DS\u0160 LENDAVA, Kolodvorska ulica 2e, 9220 Lendava<\/td>\n<td>\u0160C Ptuj<\/td>\n<td>\/<\/td>\n<\/tr>\n<tr>\n<td>1.<\/td>\n<td colspan=\"4\" width=\"350\">MIC &#8211; SPT\u0160 Murska Sobota, \u0160olsko naselje 12, 9000 Murska Sobota<\/td>\n<td>\u0160C Ptuj<\/td>\n<td>TERMIN ZAPOLNJEN!<\/td>\n<\/tr>\n<tr>\n<td><\/td>\n<td colspan=\"4\" width=\"350\">DS\u0160 LENDAVA,Kolodvorska ulica 2e, 9220 Lendava<\/td>\n<td>\u0160C Ptuj<\/td>\n<td>\/<\/td>\n<\/tr>\n<tr>\n<td><\/td>\n<td colspan=\"4\" width=\"350\">PGZ Lendavska 5a, 9000Murska Sobota<\/td>\n<td>GZS<\/td>\n<td>\/<\/td>\n<\/tr>\n<tr>\n<td colspan=\"5\"><strong>02 Podravska<\/strong><\/td>\n<td><\/td>\n<td><\/td>\n<\/tr>\n<tr>\n<td>2.<\/td>\n<td colspan=\"4\" width=\"350\">Park mladih 3, 2000 Maribor<\/td>\n<td>IC Piramida<\/td>\n<td>TERMIN ZAPOLNJEN!<\/td>\n<\/tr>\n<tr>\n<td><\/td>\n<td colspan=\"4\" width=\"350\">Titova cesta 60, 2000 Maribor<\/td>\n<td>\u0160C Slovenske Konjice-Zre\u010de<\/td>\n<td>\/<\/td>\n<\/tr>\n<tr>\n<td><\/td>\n<td colspan=\"4\" width=\"350\">Tom\u0161i\u010deva ulica 9, 2310 Slov. Bistrica<\/td>\n<td>\u0160C Slovenske Konjice-Zre\u010de<\/td>\n<td>\/<\/td>\n<\/tr>\n<tr>\n<td>3.<\/td>\n<td colspan=\"4\" width=\"350\">S\u0160GT Maribor, Mladinska ul. 14 a, 2000 Maribor<\/td>\n<td>S\u0160GT Maribor<\/td>\n<td>TERMIN ZAPOLNJEN!<\/td>\n<\/tr>\n<tr>\n<td><\/td>\n<td colspan=\"4\" width=\"350\">OOZ Maribor, Titova c. 63, 2000 Maribor<\/td>\n<td>OZS<\/td>\n<td>\/<\/td>\n<\/tr>\n<tr>\n<td><\/td>\n<td colspan=\"4\" width=\"350\">OOZS Ljutomer, Stari trg 3, 9240 Ljutomer<\/td>\n<td>\u0160C Ptuj<\/td>\n<td>\/<\/td>\n<\/tr>\n<tr>\n<td><\/td>\n<td colspan=\"4\" width=\"350\">MIC &#8211; \u0160C Ptuj, Volkmerjeva 19, 2250 Ptuj<\/td>\n<td>\u0160C Ptuj<\/td>\n<td>\/<\/td>\n<\/tr>\n<tr>\n<td colspan=\"5\"><strong>03 Koro\u0161ka<\/strong><\/td>\n<td><\/td>\n<td><\/td>\n<\/tr>\n<tr>\n<td><\/td>\n<td colspan=\"4\" width=\"350\">Gostilna Murko, Francetova cesta 24, 2380 Slovenj Gradec<\/td>\n<td>S\u0160GT Maribor<\/td>\n<td>\/<\/td>\n<\/tr>\n<tr>\n<td><\/td>\n<td colspan=\"4\" width=\"350\">OOZ Ravne na Koro\u0161kem, Ga\u010dnikova pot 3, 2390 Ravne na Koro\u0161kem<\/td>\n<td>OZS<\/td>\n<td>\/<\/td>\n<\/tr>\n<tr>\n<td>4.<\/td>\n<td colspan=\"4\" width=\"350\">Gosposvetska cesta 2, 2380 Slovenj Gradec<\/td>\n<td>\u0160C Slovenj Gradec<\/td>\n<td>TERMIN ZAPOLNJEN!<\/td>\n<\/tr>\n<tr>\n<td colspan=\"5\"><strong>04 Savinjska<\/strong><\/td>\n<td><\/td>\n<td><\/td>\n<\/tr>\n<tr>\n<td><\/td>\n<td colspan=\"4\" width=\"350\">Cesta na kmetijsko \u0161olo 9, 3230 \u0160entjur<\/td>\n<td>\u0160C \u0160entjur<\/td>\n<td>\/<\/td>\n<\/tr>\n<tr>\n<td><\/td>\n<td colspan=\"4\" width=\"350\">Ljubljanska 97, 3000 Celje<\/td>\n<td>\u0160HVU Celje<\/td>\n<td>\/<\/td>\n<\/tr>\n<tr>\n<td><\/td>\n<td colspan=\"4\" width=\"350\">Trg svobode 4, 3270 La\u0161ko<\/td>\n<td>\u0160C Slovenske Konjice-Zre\u010de<\/td>\n<td>\/<\/td>\n<\/tr>\n<tr>\n<td><\/td>\n<td colspan=\"4\" width=\"350\">Tattenbachova ulica 2a, 3210 Slovenske Konjice<\/td>\n<td>\u0160C Slovenske Konjice-Zre\u010de<\/td>\n<td>\/<\/td>\n<\/tr>\n<tr>\n<td>5.<\/td>\n<td colspan=\"4\" width=\"350\">S\u0160GT Celje, Kosovelova ulica 2, 3000 Celje<\/td>\n<td>S\u0160GT Celje<\/td>\n<td>TERMIN ZAPOLNJEN!<\/td>\n<\/tr>\n<tr>\n<td colspan=\"5\"><strong>05 Zasavska<\/strong><\/td>\n<td><\/td>\n<td><\/td>\n<\/tr>\n<tr>\n<td><\/td>\n<td colspan=\"4\" width=\"350\">S\u0160Z, Cesta zmage 5, 1410 Zagorje ob Savi<\/td>\n<td>Srednja \u0161ola Zagorje<\/td>\n<td>\/<\/td>\n<\/tr>\n<tr>\n<td><\/td>\n<td colspan=\"4\" width=\"350\">OOZ Litija, Jerebova ulica 12, 1270 Litija<\/td>\n<td>OZS<\/td>\n<td>\/<\/td>\n<\/tr>\n<tr>\n<td><\/td>\n<td colspan=\"4\" width=\"350\">Trg Franca Fakina 8, 1420 Trbovlje<\/td>\n<td>\u0160C Slovenske Konjice-Zre\u010de<\/td>\n<td>\/<\/td>\n<\/tr>\n<tr>\n<td><\/td>\n<td colspan=\"4\" width=\"350\">GZS, Podvine 26, 1410 Zagorje ob Savi<\/td>\n<td>GZS<\/td>\n<td>\/<\/td>\n<\/tr>\n<tr>\n<td colspan=\"5\"><strong>06 Posavska<\/strong><\/td>\n<td><\/td>\n<td><\/td>\n<\/tr>\n<tr>\n<td><\/td>\n<td colspan=\"4\" width=\"350\">Slom\u0161kov dom Bre\u017eice, Cesta prvih borcev 34, 8250 Bre\u017eice<\/td>\n<td>GRM NM<\/td>\n<td>\/<\/td>\n<\/tr>\n<tr>\n<td><\/td>\n<td colspan=\"4\" width=\"350\">OOZ Kr\u0161ko, C. Kr\u0161kih \u017ertev 67, 8270 Kr\u0161ko<\/td>\n<td>OZS<\/td>\n<td>\/<\/td>\n<\/tr>\n<tr>\n<td><\/td>\n<td colspan=\"4\" width=\"350\">GZS, Bohori\u010deva 89, 8270 Kr\u0161ko<\/td>\n<td>GZS<\/td>\n<td>\/<\/td>\n<\/tr>\n<tr>\n<td colspan=\"5\"><strong>07 Jugovzhodna Slovenija<\/strong><\/td>\n<td><\/td>\n<td><\/td>\n<\/tr>\n<tr>\n<td><\/td>\n<td colspan=\"4\" width=\"350\">Grm Novo mesto, Sevno 13, 8000 Novo mesto<\/td>\n<td>GRM NM<\/td>\n<td>\/<\/td>\n<\/tr>\n<tr>\n<td><\/td>\n<td colspan=\"4\" width=\"350\">Grm Novo mesto, Sevno 13, 8000 Novo mesto<\/td>\n<td>VS\u0160KV<\/td>\n<td>\/<\/td>\n<\/tr>\n<tr>\n<td><\/td>\n<td colspan=\"4\" width=\"350\">OOZ \u010crnomelj, Ul. 21.oktobra 10, 8340 \u010crnomelj<\/td>\n<td>OZS<\/td>\n<td>\/<\/td>\n<\/tr>\n<tr>\n<td><\/td>\n<td colspan=\"4\" width=\"350\">OOZ Novo mesto, Foersterjeva 10, 8000 Novo mesto<\/td>\n<td>OZS<\/td>\n<td>\/<\/td>\n<\/tr>\n<tr>\n<td colspan=\"5\"><strong>08 Primorsko-notranjska<\/strong><\/td>\n<td><\/td>\n<td><\/td>\n<\/tr>\n<tr>\n<td><\/td>\n<td colspan=\"4\">Tr\u017ea\u0161ka 36, 6230 Postojna<\/td>\n<td>SGL\u0160 Postojna<\/td>\n<td>\/<\/td>\n<\/tr>\n<tr>\n<td><\/td>\n<td colspan=\"4\" width=\"350\">GZS, Cankarjeva 6, 6230 Postojna<\/td>\n<td>GZS<\/td>\n<td>\/<\/td>\n<\/tr>\n<tr>\n<td style=\"text-align: right;\" colspan=\"6\"><strong>IZVEDBE USPOSABLJANJ VZHOD SKUPAJ<\/strong><\/td>\n<td><strong>5<\/strong><\/td>\n<\/tr>\n<tr>\n<td colspan=\"7\" width=\"718\"><strong>ZAHODNA KOHEZIJSKA REGIJA\u00a0 (za skupno 1175 mentorjev)<\/strong><\/td>\n<\/tr>\n<tr>\n<td colspan=\"5\"><strong>09 Osrednjeslovenska<\/strong><\/td>\n<td><\/td>\n<td><\/td>\n<\/tr>\n<tr>\n<td><\/td>\n<td colspan=\"4\" width=\"350\">I\u017eanska cesta 10, 1000 Ljubljana<\/td>\n<td>BIC Ljubljana<\/td>\n<td>\/<\/td>\n<\/tr>\n<tr>\n<td>6.<\/td>\n<td colspan=\"4\">Preglov trg 9, 1000 Ljubljana<\/td>\n<td>S\u0160GT v Ljubljani<\/td>\n<td>TERMIN ZAPOLNJEN!<\/td>\n<\/tr>\n<tr>\n<td><\/td>\n<td colspan=\"4\" width=\"350\">Glotta Nova, center za novo znanje, d.o.o., Poljanska c. 95, 1000 Ljubljana<\/td>\n<td>VS\u0160KV<\/td>\n<td>\/<\/td>\n<\/tr>\n<tr>\n<td>7.<\/td>\n<td colspan=\"4\" width=\"350\">\u0160C, Celjska ulica 16, 1000 Ljubljana<\/td>\n<td>GRM Novo mesto<\/td>\n<td>TERMIN ZAPOLNJEN!<\/td>\n<\/tr>\n<tr>\n<td colspan=\"5\"><strong>10 Gorenjska<\/strong><\/td>\n<td><\/td>\n<td><\/td>\n<\/tr>\n<tr>\n<td>8.<\/td>\n<td colspan=\"4\" width=\"350\">BC Naklo, Strahinj 99, 4202 Naklo<\/td>\n<td>BC Naklo<\/td>\n<td>TERMIN ZAPOLNJEN!<\/td>\n<\/tr>\n<tr>\n<td><\/td>\n<td colspan=\"4\" width=\"350\">S\u0160 Jesenice, Ulica bratov Rupar 2, 4270 Jesenice<\/td>\n<td>S\u0160 Jesenice<\/td>\n<td>\/<\/td>\n<\/tr>\n<tr>\n<td><\/td>\n<td colspan=\"4\" width=\"350\">OOZ Kranj, C. Staneta \u017dagarja 37, 4000 Kranj<\/td>\n<td>OZS<\/td>\n<td>\/<\/td>\n<\/tr>\n<tr>\n<td colspan=\"5\"><strong>11 Gori\u0161ka<\/strong><\/td>\n<td><\/td>\n<td><\/td>\n<\/tr>\n<tr>\n<td><\/td>\n<td colspan=\"4\" width=\"350\">\u0160C Nova Gorica, Medpodjetni\u0161ki izobra\u017eevalni center, Cankarjeva 10, 5000 Nova Gorica<\/td>\n<td>VS\u0160KV<\/td>\n<td>\/<\/td>\n<\/tr>\n<tr>\n<td><\/td>\n<td colspan=\"4\" width=\"350\">Ulica padlih borcev 26, 5290 \u0160empeter pri Novi Gorici<\/td>\n<td>BIC Ljubljana<\/td>\n<td>\/<\/td>\n<\/tr>\n<tr>\n<td><\/td>\n<td colspan=\"4\" width=\"350\">GZS, Sedejeva 2a, 5000 Nova Gorica<\/td>\n<td>GZS<\/td>\n<td>\/<\/td>\n<\/tr>\n<tr>\n<td colspan=\"5\"><strong>12 Obalno-kra\u0161ka<\/strong><\/td>\n<td><\/td>\n<td><\/td>\n<\/tr>\n<tr>\n<td>9.<\/td>\n<td colspan=\"4\">\u0160marska cesta 4, 6000 Koper<\/td>\n<td>SGL\u0160 Postojna<\/td>\n<td>TERMIN ZAPOLNJEN!<\/td>\n<\/tr>\n<tr>\n<td><\/td>\n<td colspan=\"4\" width=\"350\">Izobra\u017eevalni center Memory, Dutovlje 32, 6221 Dutovlje<\/td>\n<td>VS\u0160KV<\/td>\n<td>\/<\/td>\n<\/tr>\n<tr>\n<td><\/td>\n<td colspan=\"4\" width=\"350\">OOZ Se\u017eana, Kra\u0161ka ulica 6, 6210 Se\u017eana<\/td>\n<td>OZS<\/td>\n<td>\/<\/td>\n<\/tr>\n<tr>\n<td><\/td>\n<td colspan=\"4\" width=\"350\">Ulica prekomorskih brigad 7, 6310 Izola<\/td>\n<td>Srednja gostinska \u0161ola Izola<\/td>\n<td>\u00a0\/<\/td>\n<\/tr>\n<tr>\n<td><\/td>\n<td colspan=\"4\" width=\"350\"><\/td>\n<td><\/td>\n<td><\/td>\n<\/tr>\n<tr>\n<td><\/td>\n<td colspan=\"4\" width=\"350\"><\/td>\n<td><\/td>\n<td><\/td>\n<\/tr>\n<tr>\n<td><\/td>\n<td colspan=\"4\" width=\"350\"><\/td>\n<td><\/td>\n<td><\/td>\n<\/tr>\n<tr>\n<td style=\"text-align: right;\" colspan=\"6\"><strong>IZVEDBE USPOSABLJANJ ZAHOD SKUPAJ<\/strong><\/td>\n<td><strong>4<\/strong><\/td>\n<\/tr>\n<tr>\n<td style=\"text-align: right;\" colspan=\"6\"><strong>IZVEDBE USPOSABLJANJ VZHOD IN ZAHOD SKUPAJ<\/strong><\/td>\n<td><strong>9<\/strong><\/td>\n<\/tr>\n<\/tbody>\n<\/table>\n<p>&nbsp;<\/p>\n","protected":false},"excerpt":{"rendered":"<p>IZVEDBA USPOSABLJANJ MENTORJEV (najmanj tridnevna usposabljanja) za skupno 2500 mentorjev. Statisti\u010dna regija in kraj izvajanja Konzorcijski partner Leto 2021 VZHODNA KOHEZIJSKA REGIJA (za skupno 1325 mentorjev) 01 Pomurska Terme 3000, Krajn\u010deva 12, 9226 Moravske toplice S\u0160GT Maribor \/ OOZ Murska Sobota, Lendavska 33, 9000 Murska Sobota OZS \/ DS\u0160 LENDAVA, Kolodvorska ulica 2e, 9220 Lendava [&hellip;]<\/p>\n","protected":false},"author":2,"featured_media":0,"parent":0,"menu_order":0,"comment_status":"closed","ping_status":"closed","template":"","meta":[],"_links":{"self":[{"href":"https:\/\/www.usposabljanje-mentorjev.si\/index.php\/wp-json\/wp\/v2\/pages\/15"}],"collection":[{"href":"https:\/\/www.usposabljanje-mentorjev.si\/index.php\/wp-json\/wp\/v2\/pages"}],"about":[{"href":"https:\/\/www.usposabljanje-mentorjev.si\/index.php\/wp-json\/wp\/v2\/types\/page"}],"author":[{"embeddable":true,"href":"https:\/\/www.usposabljanje-mentorjev.si\/index.php\/wp-json\/wp\/v2\/users\/2"}],"replies":[{"embeddable":true,"href":"https:\/\/www.usposabljanje-mentorjev.si\/index.php\/wp-json\/wp\/v2\/comments?post=15"}],"version-history":[{"count":252,"href":"https:\/\/www.usposabljanje-mentorjev.si\/index.php\/wp-json\/wp\/v2\/pages\/15\/revisions"}],"predecessor-version":[{"id":8363,"href":"https:\/\/www.usposabljanje-mentorjev.si\/index.php\/wp-json\/wp\/v2\/pages\/15\/revisions\/8363"}],"wp:attachment":[{"href":"https:\/\/www.usposabljanje-mentorjev.si\/index.php\/wp-json\/wp\/v2\/media?parent=15"}],"curies":[{"name":"wp","href":"https:\/\/api.w.org\/{rel}","templated":true}]}}