{"id":74,"date":"2016-08-31T18:57:54","date_gmt":"2016-08-31T17:57:54","guid":{"rendered":"http:\/\/267.gvs.arnes.si\/Projekt\/?page_id=74"},"modified":"2019-11-04T13:11:17","modified_gmt":"2019-11-04T12:11:17","slug":"termini-2019","status":"publish","type":"page","link":"https:\/\/www.usposabljanje-mentorjev.si\/index.php\/termini-2019\/","title":{"rendered":"Termini izvajanja po regijah 2019"},"content":{"rendered":"<table width=\"739\">\n<tbody>\n<tr>\n<td style=\"text-align: center;\" colspan=\"7\" width=\"739\">IZVEDBA USPOSABLJANJ MENTORJEV (najmanj tridnevna usposabljanja) za skupno 2500 mentorjev.<\/td>\n<\/tr>\n<tr>\n<td colspan=\"5\" width=\"414\"><strong>Statisti\u010dna regija in kraj izvajanja<\/strong><\/td>\n<td style=\"text-align: center;\" width=\"197\"><strong>Konzorcijski partner<\/strong><\/td>\n<td style=\"text-align: center;\" width=\"128\"><strong>Leto 2019<\/strong><\/td>\n<\/tr>\n<tr>\n<td colspan=\"7\" width=\"739\"><strong>VZHODNA KOHEZIJSKA REGIJA (za skupno 1325 mentorjev)<\/strong><\/td>\n<\/tr>\n<tr>\n<td colspan=\"5\"><strong>01 Pomurska<\/strong><\/td>\n<td><\/td>\n<td><\/td>\n<\/tr>\n<tr>\n<td>1<\/td>\n<td colspan=\"4\" width=\"350\">PGZ Lendavska 5a, Murska Sobota<\/td>\n<td>GZS<\/td>\n<td>Ni predvidenega termina.<\/td>\n<\/tr>\n<tr>\n<td colspan=\"5\"><strong>02 Podravska<\/strong><\/td>\n<td><\/td>\n<td><\/td>\n<\/tr>\n<tr>\n<td>2<\/td>\n<td colspan=\"4\" width=\"350\">\u0160C Ptuj, Volkmerjeva cesta 19, 2250 Ptuj<\/td>\n<td>\u0160C Ptuj<\/td>\n<td>Ni predvidenega termina.<\/td>\n<\/tr>\n<tr>\n<td>3<\/td>\n<td colspan=\"4\" width=\"350\">Park mladih 3, 2000 Maribor<\/td>\n<td>IC Piramida<\/td>\n<td>TERMIN ZAPOLNJEN!<\/td>\n<\/tr>\n<tr>\n<td>4<\/td>\n<td colspan=\"4\" width=\"350\">Park mladih 3, 2000 Maribor<\/td>\n<td>IC Piramida<\/td>\n<td>TERMIN ZAPOLNJEN!<\/td>\n<\/tr>\n<tr>\n<td>5<\/td>\n<td colspan=\"4\" width=\"350\">Tom\u0161i\u010deva ulica 9, 2310 Slov. Bistrica<\/td>\n<td>\u0160C Slovenske Konjice-Zre\u010de<\/td>\n<td>TERMIN ZAPOLNJEN!<\/td>\n<\/tr>\n<tr>\n<td>6<\/td>\n<td colspan=\"4\" width=\"350\">S\u0160GT Maribor, Mladinska ul. 14 a, 2000 Maribor<\/td>\n<td>S\u0160GT Maribor<\/td>\n<td>TERMIN ZAPOLNJEN!<\/td>\n<\/tr>\n<tr>\n<td colspan=\"5\"><strong>03 Koro\u0161ka<\/strong><\/td>\n<td><\/td>\n<td><\/td>\n<\/tr>\n<tr>\n<td>7<\/td>\n<td colspan=\"4\" width=\"350\">Gostilna Murko, Francetova cesta 24, Slovenj Gradec<\/td>\n<td>S\u0160GT Maribor<\/td>\n<td>TERMIN ZAPOLNJEN!<\/td>\n<\/tr>\n<tr>\n<td>8<\/td>\n<td colspan=\"4\" width=\"350\">Gosposvetska cesta 2, 2380 Slovenj Gradec<\/td>\n<td>\u0160C Slovenj Gradec<\/td>\n<td>TERMIN ZAPOLNJEN!<\/td>\n<\/tr>\n<tr>\n<td colspan=\"5\"><strong>04 Savinjska<\/strong><\/td>\n<td><\/td>\n<td><\/td>\n<\/tr>\n<tr>\n<td>9<\/td>\n<td colspan=\"4\" width=\"350\">Cesta na kmetijsko \u0161olo 9, 3230 \u0160entjur<\/td>\n<td>\u0160C \u0160entjur<\/td>\n<td>TERMIN ZAPOLNJEN!<\/td>\n<\/tr>\n<tr>\n<td>10<\/td>\n<td colspan=\"4\" width=\"350\">Dravinjska cesta 1, 3214 Zre\u010de<\/td>\n<td>\u0160C Slovenske Konjice-Zre\u010de<\/td>\n<td>TERMIN ZAPOLNJEN!<\/td>\n<\/tr>\n<tr>\n<td>11<\/td>\n<td colspan=\"4\" width=\"350\">S\u0160GT Celje, Kosovelova ulica 2, 3000 Celje<\/td>\n<td>S\u0160GT Celje<\/td>\n<td>TERMIN ZAPOLNJEN!<\/td>\n<\/tr>\n<tr>\n<td colspan=\"5\"><strong>05 Zasavska<\/strong><\/td>\n<td><\/td>\n<td><\/td>\n<\/tr>\n<tr>\n<td>12<\/td>\n<td colspan=\"4\" width=\"350\">Trg Franca Fakina 8, 1420 Trbovlje<\/td>\n<td>\u0160C Slovenske Konjice-Zre\u010de<\/td>\n<td>TERMIN ZAPOLNJEN!<\/td>\n<\/tr>\n<tr>\n<td>13<\/td>\n<td colspan=\"4\" width=\"350\">GZS, Podvine 36, Zagorje ob Savi<\/td>\n<td>GZS<\/td>\n<td>TERMIN ZAPOLNJEN!<\/td>\n<\/tr>\n<tr>\n<td colspan=\"5\"><strong>06 Posavska<\/strong><\/td>\n<td><\/td>\n<td><\/td>\n<\/tr>\n<tr>\n<td>14<\/td>\n<td colspan=\"4\" width=\"350\">GZS, Bohori\u010deva 89, Kr\u0161ko<\/td>\n<td>GZS<\/td>\n<td>TERMIN ZAPOLNJEN!<\/td>\n<\/tr>\n<tr>\n<td colspan=\"5\"><strong>07 Jugovzhodna Slovenija<\/strong><\/td>\n<td><\/td>\n<td><\/td>\n<\/tr>\n<tr>\n<td>15<\/td>\n<td colspan=\"4\" width=\"350\">Grm Novo mesto, Sevno 13, 8000 Novo mesto<\/td>\n<td>GRM NM<\/td>\n<td>TERMIN ZAPOLNJEN!<\/td>\n<\/tr>\n<tr>\n<td>16<\/td>\n<td colspan=\"4\" width=\"350\">OOZ Novo mesto, Foersterjeva 10, Novo mesto<\/td>\n<td>OZS<\/td>\n<td>TERMIN ZAPOLNJEN!<\/td>\n<\/tr>\n<tr>\n<td colspan=\"5\"><strong>08 Primorsko-notranjska<\/strong><\/td>\n<td><\/td>\n<td><\/td>\n<\/tr>\n<tr>\n<td>17<\/td>\n<td colspan=\"4\">Tr\u017ea\u0161ka 36, 6230 Postojna<\/td>\n<td>SGL\u0160 Postojna<\/td>\n<td>TERMIN ZAPOLNJEN!<\/td>\n<\/tr>\n<tr>\n<td style=\"text-align: right;\" colspan=\"6\"><strong>IZVEDBE USPOSABLJANJ VZHOD SKUPAJ<\/strong><\/td>\n<td>15<\/td>\n<\/tr>\n<tr>\n<td colspan=\"7\" width=\"739\"><strong>ZAHODNA KOHEZIJSKA REGIJA\u00a0 (za skupno 1175 mentorjev)<\/strong><\/td>\n<\/tr>\n<tr>\n<td colspan=\"5\"><strong>09 Osrednjeslovenska<\/strong><\/td>\n<td><\/td>\n<td><\/td>\n<\/tr>\n<tr>\n<td>18<\/td>\n<td colspan=\"4\" width=\"350\">I\u017eanska cesta 10, 1000 Ljubljana<\/td>\n<td>BIC Ljubljana<\/td>\n<td>TERMIN ZAPOLNJEN!<\/td>\n<\/tr>\n<tr>\n<td>19<\/td>\n<td colspan=\"4\">Preglov trg 9, 1000 Ljubljana<\/td>\n<td>S\u0160GT v Ljubljani<\/td>\n<td>TERMIN ZAPOLNJEN!<\/td>\n<\/tr>\n<tr>\n<td>20<\/td>\n<td colspan=\"4\" width=\"350\">Glotta Nova, center za novo znanje, Ulica Carla Benza 1, 1000 Ljubljana<\/td>\n<td>VS\u0160KV<\/td>\n<td>TERMIN ZAPOLNJEN!<\/td>\n<\/tr>\n<tr>\n<td colspan=\"5\"><strong>10 Gorenjska<\/strong><\/td>\n<td><\/td>\n<td><\/td>\n<\/tr>\n<tr>\n<td>21<\/td>\n<td colspan=\"4\" width=\"350\">BC Naklo, Strahinj 99, 4202 Naklo<\/td>\n<td>BC Naklo<\/td>\n<td>TERMIN ZAPOLNJEN!<\/td>\n<\/tr>\n<tr>\n<td>22<\/td>\n<td colspan=\"4\" width=\"350\">S\u0160 Jesenice, Ulica bratov Rupar 2, 4270 Jesenice<\/td>\n<td>S\u0160 Jesenice<\/td>\n<td>TERMIN ZAPOLNJEN!<\/td>\n<\/tr>\n<tr>\n<td>23<\/td>\n<td colspan=\"4\" width=\"350\">OOZ \u0160kofja Loka, Spodnji trg 2, \u0160kofja Loka<\/td>\n<td>OZS<\/td>\n<td>TERMIN ZAPOLNJEN!<\/td>\n<\/tr>\n<tr>\n<td colspan=\"5\"><strong>11 Gori\u0161ka<\/strong><\/td>\n<td><\/td>\n<td><\/td>\n<\/tr>\n<tr>\n<td>24<\/td>\n<td colspan=\"4\" width=\"350\">Ulica Padlih borcev 26, 5290 \u0160empeter pri Gorici<\/td>\n<td>BIC Ljubljana<\/td>\n<td>TERMIN ZAPOLNJEN!<\/td>\n<\/tr>\n<tr>\n<td colspan=\"5\"><strong>12 Obalno-kra\u0161ka<\/strong><\/td>\n<td><\/td>\n<td><\/td>\n<\/tr>\n<tr>\n<td>25<\/td>\n<td colspan=\"4\" width=\"350\">\u0160marska cesta 4, 6000 Koper<\/td>\n<td>SGL\u0160 Postojna<\/td>\n<td>TERMIN ZAPOLNJEN!<\/td>\n<\/tr>\n<tr>\n<td>26<\/td>\n<td colspan=\"4\" width=\"350\">OOZ Se\u017eana, Kra\u0161ka ulica 6, Se\u017eana<\/td>\n<td>OZS<\/td>\n<td>TERMIN ZAPOLNJEN!<\/td>\n<\/tr>\n<tr>\n<td>27<\/td>\n<td colspan=\"4\" width=\"350\">Ulica prekomorskih brigad 7, 6310 Izola<\/td>\n<td>Srednja \u0161ola Izola<\/td>\n<td>TERMIN ZAPOLNJEN!<\/td>\n<\/tr>\n<tr>\n<td style=\"text-align: right;\" colspan=\"6\"><strong>IZVEDBE USPOSABLJANJ ZAHOD SKUPAJ<\/strong><\/td>\n<td><strong>12<\/strong><\/td>\n<\/tr>\n<tr>\n<td style=\"text-align: right;\" colspan=\"6\"><strong>IZVEDBE USPOSABLJANJ VZHOD IN ZAHOD SKUPAJ<\/strong><\/td>\n<td><strong>27<\/strong><\/td>\n<\/tr>\n<\/tbody>\n<\/table>\n","protected":false},"excerpt":{"rendered":"<p>IZVEDBA USPOSABLJANJ MENTORJEV (najmanj tridnevna usposabljanja) za skupno 2500 mentorjev. Statisti\u010dna regija in kraj izvajanja Konzorcijski partner Leto 2019 VZHODNA KOHEZIJSKA REGIJA (za skupno 1325 mentorjev) 01 Pomurska 1 PGZ Lendavska 5a, Murska Sobota GZS Ni predvidenega termina. 02 Podravska 2 \u0160C Ptuj, Volkmerjeva cesta 19, 2250 Ptuj \u0160C Ptuj Ni predvidenega termina. 3 Park [&hellip;]<\/p>\n","protected":false},"author":2,"featured_media":0,"parent":0,"menu_order":0,"comment_status":"closed","ping_status":"closed","template":"","meta":[],"_links":{"self":[{"href":"https:\/\/www.usposabljanje-mentorjev.si\/index.php\/wp-json\/wp\/v2\/pages\/74"}],"collection":[{"href":"https:\/\/www.usposabljanje-mentorjev.si\/index.php\/wp-json\/wp\/v2\/pages"}],"about":[{"href":"https:\/\/www.usposabljanje-mentorjev.si\/index.php\/wp-json\/wp\/v2\/types\/page"}],"author":[{"embeddable":true,"href":"https:\/\/www.usposabljanje-mentorjev.si\/index.php\/wp-json\/wp\/v2\/users\/2"}],"replies":[{"embeddable":true,"href":"https:\/\/www.usposabljanje-mentorjev.si\/index.php\/wp-json\/wp\/v2\/comments?post=74"}],"version-history":[{"count":60,"href":"https:\/\/www.usposabljanje-mentorjev.si\/index.php\/wp-json\/wp\/v2\/pages\/74\/revisions"}],"predecessor-version":[{"id":7549,"href":"https:\/\/www.usposabljanje-mentorjev.si\/index.php\/wp-json\/wp\/v2\/pages\/74\/revisions\/7549"}],"wp:attachment":[{"href":"https:\/\/www.usposabljanje-mentorjev.si\/index.php\/wp-json\/wp\/v2\/media?parent=74"}],"curies":[{"name":"wp","href":"https:\/\/api.w.org\/{rel}","templated":true}]}}