{"id":77,"date":"2016-08-31T18:58:22","date_gmt":"2016-08-31T17:58:22","guid":{"rendered":"http:\/\/267.gvs.arnes.si\/Projekt\/?page_id=77"},"modified":"2022-09-19T14:42:51","modified_gmt":"2022-09-19T12:42:51","slug":"termini-2022","status":"publish","type":"page","link":"https:\/\/www.usposabljanje-mentorjev.si\/index.php\/termini-2022\/","title":{"rendered":"Termini izvajanja po regijah v letu 2022"},"content":{"rendered":"<table width=\"1042\">\n<tbody>\n<tr>\n<td colspan=\"6\" width=\"1042\"><strong>VZHODNA KOHEZIJSKA REGIJA &#8211; SKLOP A: OSNOVNO USPOSABLJANJE (15 terminov za 187 mentorjev)<\/strong><\/td>\n<\/tr>\n<tr>\n<td colspan=\"2\"><strong>Statisti\u010dna regija<\/strong><\/td>\n<td><strong>Izvajalec<\/strong><\/td>\n<td><strong>Kraj izvajanja<\/strong><\/td>\n<td><strong>Termin<\/strong><\/td>\n<td><strong>Udele\u017eenci<\/strong><\/td>\n<\/tr>\n<tr>\n<td>01<\/td>\n<td>pomurska<\/td>\n<td>S\u0160GT Maribor<\/td>\n<td>Terme 3000, Krajn\u010deva ulica 12, 9226 Moravske toplice<\/td>\n<td>november<\/td>\n<td>12<\/td>\n<\/tr>\n<tr>\n<td>02<\/td>\n<td>podravska<\/td>\n<td>S\u0160GT Maribor<\/td>\n<td>Mladinska ulica 14a, 2000 Maribor<\/td>\n<td>oktober<\/td>\n<td>12<\/td>\n<\/tr>\n<tr>\n<td>02<\/td>\n<td>podravska<\/td>\n<td>IC Piramida Maribor<\/td>\n<td>Park mladih 3, 2000 Maribor<\/td>\n<td>september<\/td>\n<td>13<\/td>\n<\/tr>\n<tr>\n<td>03<\/td>\n<td>koro\u0161ka<\/td>\n<td>\u0160C Slovenj Gradec<\/td>\n<td>Koro\u0161ka ulica 11, 2380 Slovenj Gradec<\/td>\n<td>april<\/td>\n<td>13<\/td>\n<\/tr>\n<tr>\n<td>03<\/td>\n<td>koro\u0161ka<\/td>\n<td>\u0160C Slovenj Gradec<\/td>\n<td>Koro\u0161ka ulica 11, 2380 Slovenj Gradec<\/td>\n<td>oktober<\/td>\n<td>12<\/td>\n<\/tr>\n<tr>\n<td>04<\/td>\n<td>savinjska<\/td>\n<td>S\u0160GT Celje<\/td>\n<td>Kosovelova ulica 2, 3000 Celje<\/td>\n<td>december<\/td>\n<td>12<\/td>\n<\/tr>\n<tr>\n<td>04<\/td>\n<td>savinjska<\/td>\n<td>S\u0160GT Celje<\/td>\n<td>Kosovelova ulica 2, 3000 Celje<\/td>\n<td>november<\/td>\n<td>12<\/td>\n<\/tr>\n<tr>\n<td>04<\/td>\n<td>savinjska<\/td>\n<td>\u0160C \u0160entjur<\/td>\n<td>Cesta na kmetijsko \u0161olo 9, 3230 \u0160entjur<\/td>\n<td>junij<\/td>\n<td>13<\/td>\n<\/tr>\n<tr>\n<td>04<\/td>\n<td>savinjska<\/td>\n<td>\u0160C Slovenske Konjice-Zre\u010de<\/td>\n<td>Dravinjska cesta 1, 3214 Zre\u010de<\/td>\n<td>oktober<\/td>\n<td>13<\/td>\n<\/tr>\n<tr>\n<td>05<\/td>\n<td>zasavska<\/td>\n<td>Srednja \u0161ola Zagorje<\/td>\n<td>Cesta zmage 5, 1410 Zagorje ob Savi<\/td>\n<td>april, maj<\/td>\n<td>13<\/td>\n<\/tr>\n<tr>\n<td>04<\/td>\n<td>savinjska<\/td>\n<td>\u0160HVU Celje<\/td>\n<td>Ljubljanska 97, 3000 Celje<\/td>\n<td>november<\/td>\n<td>12<\/td>\n<\/tr>\n<tr>\n<td>06<\/td>\n<td>posavska<\/td>\n<td>\u0160HVU Celje<\/td>\n<td>Ljubljanska 97, 3000 Celje<\/td>\n<td>maj<\/td>\n<td>13<\/td>\n<\/tr>\n<tr>\n<td>07<\/td>\n<td>jugovzhodna Slovenija<\/td>\n<td>GRM NM<\/td>\n<td>Novome\u0161ka cesta 10, 13330 Ko\u010devje<\/td>\n<td>december<\/td>\n<td>13<\/td>\n<\/tr>\n<tr>\n<td>07<\/td>\n<td>jugovzhodna Slovenija<\/td>\n<td>GRM NM<\/td>\n<td>Sevno 13, 8000 Novo mesto<\/td>\n<td>december<\/td>\n<td>12<\/td>\n<\/tr>\n<tr>\n<td>08<\/td>\n<td>primorsko-notranjska<\/td>\n<td>SGL\u0160 Postojna<\/td>\n<td>Tr\u017ea\u0161ka 36, 6230 Postojna<\/td>\n<td>4., 5., 6. in 19. 10. 2022<\/td>\n<td>12<\/td>\n<\/tr>\n<tr>\n<td colspan=\"6\"><strong>ZAHODNA KOHEZIJSKA REGIJA &#8211; SKLOP A: OSNOVNO USPOSABLJANJE (12 terminov za 152 mentorjev)<\/strong><\/td>\n<\/tr>\n<tr>\n<td colspan=\"2\"><strong>Statisti\u010dna regija<\/strong><\/td>\n<td><strong>Izvajalec<\/strong><\/td>\n<td><strong>Kraj izvajanja<\/strong><\/td>\n<td><strong>Termin<\/strong><\/td>\n<td><strong>Udele\u017eenci<\/strong><\/td>\n<\/tr>\n<tr>\n<td>10<\/td>\n<td>gorenjska<\/td>\n<td>BC Naklo<\/td>\n<td>Strahinj 99, 4202 Naklo<\/td>\n<td>december<\/td>\n<td>13<\/td>\n<\/tr>\n<tr>\n<td>10<\/td>\n<td>gorenjska<\/td>\n<td>BC Naklo<\/td>\n<td>Strahinj 99, 4202 Naklo<\/td>\n<td>september<\/td>\n<td>13<\/td>\n<\/tr>\n<tr>\n<td>09<\/td>\n<td>osrednjeslovenska<\/td>\n<td>BIC Ljubljana<\/td>\n<td>I\u017eanska cesta 10, 1000 Ljubljana<\/td>\n<td>december<\/td>\n<td>13<\/td>\n<\/tr>\n<tr>\n<td>09<\/td>\n<td>osrednjeslovenska<\/td>\n<td>BIC Ljubljana<\/td>\n<td>I\u017eanska cesta 10, 1000 Ljubljana<\/td>\n<td>junij<\/td>\n<td>13<\/td>\n<\/tr>\n<tr>\n<td>09<\/td>\n<td>osrednjeslovenska<\/td>\n<td>BIC Ljubljana<\/td>\n<td>I\u017eanska cesta 10, 1000 Ljubljana<\/td>\n<td>september<\/td>\n<td>13<\/td>\n<\/tr>\n<tr>\n<td>09<\/td>\n<td>osrednjeslovenska<\/td>\n<td>S\u0160GT Ljubljana<\/td>\n<td>Preglov trg 9, 1000 Ljubljana<\/td>\n<td>oktober<\/td>\n<td>13<\/td>\n<\/tr>\n<tr>\n<td>10<\/td>\n<td>gorenjska<\/td>\n<td>OZS<\/td>\n<td>OOZ \u0160kofja Loka, Spodnji trg 2, 4220 \u0160kofja Loka<\/td>\n<td>maj<\/td>\n<td>13<\/td>\n<\/tr>\n<tr>\n<td>11<\/td>\n<td>gori\u0161ka<\/td>\n<td>OZS<\/td>\n<td>Gradnikove brigade 6, 5000 Nova Gorica<\/td>\n<td>november<\/td>\n<td>12<\/td>\n<\/tr>\n<tr>\n<td>09<\/td>\n<td>osrednjeslovenska<\/td>\n<td>GZS<\/td>\n<td>CPU, Kardeljeva plo\u0161\u010dad 27a, 1000 Ljubljana<\/td>\n<td>februar<\/td>\n<td>12<\/td>\n<\/tr>\n<tr>\n<td>09<\/td>\n<td>osrednjeslovenska<\/td>\n<td>GZS<\/td>\n<td>CPU, Kardeljeva plo\u0161\u010dad 27a, 1000 Ljubljana<\/td>\n<td>november<\/td>\n<td>13<\/td>\n<\/tr>\n<tr>\n<td>12<\/td>\n<td>obalno-kra\u0161ka<\/td>\n<td>Srednja \u0161ola Izola<\/td>\n<td>Ulica prekomorskih brigad 7, 6310 Izola<\/td>\n<td>december<\/td>\n<td>12<\/td>\n<\/tr>\n<tr>\n<td>12<\/td>\n<td>obalno-kra\u0161ka<\/td>\n<td>Srednja \u0161ola Izola<\/td>\n<td>Ulica prekomorskih brigad 7, 6310 Izola<\/td>\n<td>oktober<\/td>\n<td>12<\/td>\n<\/tr>\n<tr>\n<td colspan=\"6\"><strong>VZHODNA KOHEZIJSKA REGIJA &#8211; SKLOP B: NADALJNJE USPOSABLJANJE (9 terminov za 114 mentorjev)<\/strong><\/td>\n<\/tr>\n<tr>\n<td colspan=\"2\"><strong>Statisti\u010dna regija<\/strong><\/td>\n<td><strong>Izvajalec<\/strong><\/td>\n<td><strong>Kraj izvajanja<\/strong><\/td>\n<td><strong>Termin<\/strong><\/td>\n<td><strong>Udele\u017eenci<\/strong><\/td>\n<\/tr>\n<tr>\n<td>02<\/td>\n<td>podravska<\/td>\n<td>S\u0160GT Maribor<\/td>\n<td>Mladinska ulica 14a, 2000 Maribor<\/td>\n<td>21. 9. 2022<\/td>\n<td><a href=\"https:\/\/docs.google.com\/forms\/d\/1kWQN3B75EiNANr6pS2r5SvcgN_iZEBY-GvMa5aLCb58\/edit\" target=\"_blank\" rel=\"noopener\">prijave odprte<\/a><\/td>\n<\/tr>\n<tr>\n<td>02<\/td>\n<td>podravska<\/td>\n<td>IC Piramida Maribor<\/td>\n<td>Park mladih 3, 2000 Maribor<\/td>\n<td>27. 9. 2022<\/td>\n<td><a href=\"https:\/\/docs.google.com\/forms\/d\/e\/1FAIpQLSfNsPnf3RQA1L_mrSF1jGnosdusfHda4wKOW6AhnwiBYN2a-w\/formResponse\" target=\"_blank\" rel=\"noopener\">prijave odprte<\/a><\/td>\n<\/tr>\n<tr>\n<td>03<\/td>\n<td>koro\u0161ka<\/td>\n<td>\u0160C Slovenj Gradec<\/td>\n<td>Koro\u0161ka ulica 11, 2380 Slovenj Gradec<\/td>\n<td>december<\/td>\n<td>13<\/td>\n<\/tr>\n<tr>\n<td>04<\/td>\n<td>savinjska<\/td>\n<td>S\u0160GT Celje<\/td>\n<td>Kosovelova ulica 2, 3000 Celje<\/td>\n<td>december<\/td>\n<td>13<\/td>\n<\/tr>\n<tr>\n<td>01<\/td>\n<td>pomurska<\/td>\n<td>\u0160C \u0160entjur<\/td>\n<td>GZS, PGZ Lendavska 5a, Murska sobota<\/td>\n<td>november<\/td>\n<td>13<\/td>\n<\/tr>\n<tr>\n<td>04<\/td>\n<td>savinjska<\/td>\n<td>\u0160C \u0160entjur<\/td>\n<td>Cesta na kmetijsko \u0161olo 9, 3230 \u0160entjur<\/td>\n<td>junij<\/td>\n<td>12<\/td>\n<\/tr>\n<tr>\n<td>04<\/td>\n<td>savinjska<\/td>\n<td>\u0160C Slovenske Konjice-Zre\u010de<\/td>\n<td>Dravinjska cesta 1, 3214 Zre\u010de<\/td>\n<td>april<\/td>\n<td>13<\/td>\n<\/tr>\n<tr>\n<td>05<\/td>\n<td>zasavska<\/td>\n<td>Srednja \u0161ola Zagorje<\/td>\n<td>Cesta zmage 5, 1410 Zagorje ob Savi<\/td>\n<td>oktober<\/td>\n<td>13<\/td>\n<\/tr>\n<tr>\n<td>04<\/td>\n<td>savinjska<\/td>\n<td>\u0160HVU Celje<\/td>\n<td>Ljubljanska 97, 3000 Celje<\/td>\n<td>november<\/td>\n<td>12<\/td>\n<\/tr>\n<tr>\n<td colspan=\"6\"><strong>ZAHODNA KOHEZIJSKA REGIJA &#8211; SKLOP B: NADALJNJE USPOSABLJANJE (11 terminov za 141 mentorjev)<\/strong><\/td>\n<\/tr>\n<tr>\n<td colspan=\"2\"><strong>Statisti\u010dna regija<\/strong><\/td>\n<td><strong>Izvajalec<\/strong><\/td>\n<td><strong>Kraj izvajanja<\/strong><\/td>\n<td><strong>Termin<\/strong><\/td>\n<td><strong>Udele\u017eenci<\/strong><\/td>\n<\/tr>\n<tr>\n<td>10<\/td>\n<td>gorenjska<\/td>\n<td>BC Naklo<\/td>\n<td>Strahinj 99, 4202 Naklo<\/td>\n<td>april<\/td>\n<td>13<\/td>\n<\/tr>\n<tr>\n<td>10<\/td>\n<td>gorenjska<\/td>\n<td>BC Naklo<\/td>\n<td>Strahinj 99, 4202 Naklo<\/td>\n<td>september<\/td>\n<td>13<\/td>\n<\/tr>\n<tr>\n<td>09<\/td>\n<td>osrednjeslovenska<\/td>\n<td>BIC Ljubljana<\/td>\n<td>I\u017eanska cesta 10, 1000 Ljubljana<\/td>\n<td>maj<\/td>\n<td>13<\/td>\n<\/tr>\n<tr>\n<td>09<\/td>\n<td>osrednjeslovenska<\/td>\n<td>BIC Ljubljana<\/td>\n<td>I\u017eanska cesta 10, 1000 Ljubljana<\/td>\n<td>september<\/td>\n<td>13<\/td>\n<\/tr>\n<tr>\n<td>09<\/td>\n<td>osrednjeslovenska<\/td>\n<td>S\u0160GT Ljubljana<\/td>\n<td>Preglov trg 9, 1000 Ljubljana<\/td>\n<td>oktober<\/td>\n<td>13<\/td>\n<\/tr>\n<tr>\n<td>09<\/td>\n<td>osrednjeslovenska<\/td>\n<td>OZS<\/td>\n<td>Celov\u0161ka 71, 1000 Ljubljana<\/td>\n<td>junij<\/td>\n<td>13<\/td>\n<\/tr>\n<tr>\n<td>10<\/td>\n<td>gorenjska<\/td>\n<td>OZS<\/td>\n<td>Spodnji trg 2, 4220 \u0160kofja Loka<\/td>\n<td>september<\/td>\n<td>13<\/td>\n<\/tr>\n<tr>\n<td>11<\/td>\n<td>gori\u0161ka<\/td>\n<td>OZS<\/td>\n<td>Gradnikove brigade 6, 5000 Nova Gorica<\/td>\n<td>november<\/td>\n<td>12<\/td>\n<\/tr>\n<tr>\n<td>12<\/td>\n<td>obalno-kra\u0161ka<\/td>\n<td>Srednja \u0161ola Izola<\/td>\n<td>Ulica prekomorskih brigad 7, 6310 Izola<\/td>\n<td>oktober<\/td>\n<td>13<\/td>\n<\/tr>\n<\/tbody>\n<\/table>\n","protected":false},"excerpt":{"rendered":"<p>VZHODNA KOHEZIJSKA REGIJA &#8211; SKLOP A: OSNOVNO USPOSABLJANJE (15 terminov za 187 mentorjev) Statisti\u010dna regija Izvajalec Kraj izvajanja Termin Udele\u017eenci 01 pomurska S\u0160GT Maribor Terme 3000, Krajn\u010deva ulica 12, 9226 Moravske toplice november 12 02 podravska S\u0160GT Maribor Mladinska ulica 14a, 2000 Maribor oktober 12 02 podravska IC Piramida Maribor Park mladih 3, 2000 Maribor [&hellip;]<\/p>\n","protected":false},"author":2,"featured_media":0,"parent":0,"menu_order":0,"comment_status":"closed","ping_status":"closed","template":"","meta":[],"_links":{"self":[{"href":"https:\/\/www.usposabljanje-mentorjev.si\/index.php\/wp-json\/wp\/v2\/pages\/77"}],"collection":[{"href":"https:\/\/www.usposabljanje-mentorjev.si\/index.php\/wp-json\/wp\/v2\/pages"}],"about":[{"href":"https:\/\/www.usposabljanje-mentorjev.si\/index.php\/wp-json\/wp\/v2\/types\/page"}],"author":[{"embeddable":true,"href":"https:\/\/www.usposabljanje-mentorjev.si\/index.php\/wp-json\/wp\/v2\/users\/2"}],"replies":[{"embeddable":true,"href":"https:\/\/www.usposabljanje-mentorjev.si\/index.php\/wp-json\/wp\/v2\/comments?post=77"}],"version-history":[{"count":69,"href":"https:\/\/www.usposabljanje-mentorjev.si\/index.php\/wp-json\/wp\/v2\/pages\/77\/revisions"}],"predecessor-version":[{"id":8669,"href":"https:\/\/www.usposabljanje-mentorjev.si\/index.php\/wp-json\/wp\/v2\/pages\/77\/revisions\/8669"}],"wp:attachment":[{"href":"https:\/\/www.usposabljanje-mentorjev.si\/index.php\/wp-json\/wp\/v2\/media?parent=77"}],"curies":[{"name":"wp","href":"https:\/\/api.w.org\/{rel}","templated":true}]}}