{"id":8386,"date":"2022-01-13T08:37:00","date_gmt":"2022-01-13T07:37:00","guid":{"rendered":"https:\/\/www.usposabljanje-mentorjev.si\/?page_id=8386"},"modified":"2024-06-20T09:06:24","modified_gmt":"2024-06-20T07:06:24","slug":"predstavitev-projekta-2016-2021","status":"publish","type":"page","link":"https:\/\/www.usposabljanje-mentorjev.si\/index.php\/predstavitev-projekta-2016-2021\/","title":{"rendered":"Predstavitev projekta 2016-2021"},"content":{"rendered":"<h2><img decoding=\"async\" loading=\"lazy\" class=\"aligncenter wp-image-8934 size-full\" src=\"https:\/\/www.usposabljanje-mentorjev.si\/wp-content\/uploads\/2024\/06\/Logo2016.png\" alt=\"\" width=\"402\" height=\"71\" srcset=\"https:\/\/www.usposabljanje-mentorjev.si\/wp-content\/uploads\/2024\/06\/Logo2016.png 402w, https:\/\/www.usposabljanje-mentorjev.si\/wp-content\/uploads\/2024\/06\/Logo2016-300x53.png 300w\" sizes=\"(max-width: 402px) 100vw, 402px\" \/><\/h2>\n<h2><strong>Namen in cilji projekta Usposabljanje mentorjev 2016\u20132021<\/strong><\/h2>\n<p style=\"text-align: justify;\">Projekt Usposabljanje mentorjev 2016\u20132021 je namenjen\u00a0<strong>brezpla\u010dnemu<\/strong> usposabljanju mentorjev dijakom oz. \u0161tudentom za izvajanje prakti\u010dnega usposabljanja z delom oz. prakti\u010dnega izobra\u017eevanja, kar bo novim diplomantom poklicnega in strokovnega izobra\u017eevanja omogo\u010dalo bolj\u0161o usposobljenost za opravljanje poklica. Mentorstvo dijakom in \u0161tudentom je zahtevna naloga. Projekt spodbuja krepitev usposobljenosti mentorjev v podjetjih za kakovostno izvajanje mentorstva dijakom srednjih poklicnih in srednjih strokovnih \u0161ol, ki se prakti\u010dno usposabljajo z delom (PUD), in \u0161tudentom vi\u0161jih strokovnih \u0161ol, ki se prakti\u010dno izobra\u017eujejo pri delodajalcih (PRI), ter ostalim udele\u017eencem drugih oblik prakti\u010dnega usposabljanja oz. izobra\u017eevanja (vajenci). Za mentorje v podjetjih se bodo izvajala vsaj 24-urna usposabljanja, skladno s programom usposabljanja. Z izvajanjem usposabljanja bomo zagotovili mnogo vi\u0161jo raven usposobljenosti mentorjev za delo z dijaki in \u0161tudenti, posledi\u010dno pa tudi bolj\u0161a u\u010dna mesta za dijake in \u0161tudente v razli\u010dnih ustanovah. Nenazadnje se bo zagotovo izbolj\u0161ala tudi komunikacija med \u0161olami in ustanovami, podjetjem pa omogo\u010da pridobitev enega od kriterijev za vpis v register u\u010dnih mest. Dijaki in \u0161tudenti bodo na prakti\u010dnem usposabljanju z delom (PUD) oz. prakti\u010dnem izobra\u017eevanju (PRI) v ve\u010dji meri spoznali vsa, za njih pomembna, podro\u010dja in pridobili ve\u010d znanja ter kompetenc. S tovrstnim sodelovanjem z razli\u010dnimi ustanovami se bo pove\u010dala tudi prepletenost podro\u010dij izobra\u017eevanja in dela.<\/p>\n<p style=\"text-align: justify;\">Kazalniki: 2500 usposobljenih mentorjev<br \/>\nVi\u0161ina sofinanciranja: 545.000,00 EUR<\/p>\n<p>Projekt JR Usposabljanje mentorjev 2016 \u2013 2021 v celoti financirata Ministrstvo za vzgojo, izobra\u017eevanje, znanost\u00a0 in \u0161port RS ter Evropska unija in sicer iz Evropskega socialnega sklada, ve\u010d o evropskih skladih na <a href=\"https:\/\/www.eu-skladi.si\/\">povezavi<\/a>.<\/p>\n<h2 style=\"text-align: justify;\"><strong>Kaj omogo\u010da projekt Usposabljanje mentorjev 2016\u20132021?<\/strong><\/h2>\n<div class=\"multiColumnLayout\">\n<p style=\"text-align: justify;\">Usposabljanje mentorjev 2016\u20132021 je petletni projekt, ki omogo\u010da tridnevno BREZPLA\u010cNO usposabljanje mentorjev dijakom oz. \u0161tudentom za izvajanje prakti\u010dnega usposabljanja z delom oz. prakti\u010dnega izobra\u017eevanja v podjetjih.<\/p>\n<p style=\"text-align: justify;\">Dijaki srednjih poklicnih in srednjih strokovnih \u0161ol namre\u010d del svoje izobra\u017eevalne poti pre\u017eivijo v podjetjih na t. i. prakti\u010dnem usposabljanju z delom (PUD), \u0161tudenti vi\u0161jih strokovnih \u0161ol pa se prakti\u010dno izobra\u017eujejo pri delodajalcih (PRI), kjer je bistvenega pomena primerno in kakovostno mentorstvo. Program omogo\u010da bodo\u010dim mentorjem pridobiti primerno pedago\u0161ko-andrago\u0161ko usposobljenost in kompetence, s katerimi bodo lahko dijakom in\/ali \u0161tudentom omogo\u010dali kvalitetno mentorstvo.<\/p>\n<\/div>\n<div class=\"breakline\"><\/div>\n<h2 style=\"text-align: justify;\"><strong>Zakaj se prijaviti na usposabljanje?<\/strong><\/h2>\n<div class=\"multiColumnLayout\">\n<p style=\"text-align: justify;\">Posameznik z usposabljanjem pridobi pedago\u0161ko-andrago\u0161ko usposobljenost za delo z dijaki in\/ali \u0161tudenti na delovnem mestu ter hkrati izbolj\u0161a svoje kompetence na podro\u010dju mentorstva.<\/p>\n<p style=\"text-align: justify;\">Projekt podjetjem omogo\u010da usposobiti kader, ki bodo primerni mentorji dijakom srednjih poklicnih in srednjih strokovnih \u0161ol, ki se prakti\u010dno usposabljajo z delom (PUD), in \u0161tudentom vi\u0161jih strokovnih \u0161ol, ki se prakti\u010dno izobra\u017eujejo pri delodajalcih (PRI).<\/p>\n<p style=\"text-align: justify;\">Podjetja in ustanove, ki se \u017eelijo vpisati v register u\u010dnih mest, morajo izpolnjevati kriterij primerne usposobljenosti zaposlenih za mentorstvo dijakom in\/ali \u0161tudentom na delovnem mestu. Projekt Usposabljanje mentorjev 2016\u20132021 bo poskrbel, da bodo njihovi bodo\u010di mentorji pridobili primerno in kvalitetno pedago\u0161ko-andrago\u0161ko usposobljenost za delo z dijaki in\/ali \u0161tudenti na delovnem mestu.<\/p>\n<\/div>\n<div class=\"breakline\"><\/div>\n<h2 style=\"text-align: justify;\"><strong>Kako poteka usposabljanje?<\/strong><\/h2>\n<div class=\"multiColumnLayout\">\n<p style=\"text-align: justify;\">Usposabljanje poteka v skupini od 15\u201320 udele\u017eencev pri enem izmed devetnajstih izvajalcev (<a href=\"http:\/\/www.usposabljanje-mentorjev.si\/index.php\/partnerji-in-kontakti\/\">Partnerji in kontakti<\/a>). Usposabljanje obsega 24-urni program zgo\u0161\u010den na predvidoma 3 dni, usposabljanje pa udele\u017eenci zaklju\u010dijo s pripravo projektne naloge.<\/p>\n<\/div>\n<div class=\"breakline\"><\/div>\n<h2 style=\"text-align: justify;\"><strong>Kdo se lahko prijavi?<\/strong><\/h2>\n<div class=\"multiColumnLayout\">\n<p style=\"text-align: justify;\">Prijavi se lahko vsak posameznik, ki \u017eeli pridobiti kompetence in pedago\u0161ko-andrago\u0161ko usposobljenost za delo z dijaki in\/ali \u0161tudenti na delovnem mestu, ki ima primerno stopnjo izobrazbe.<\/p>\n<p style=\"text-align: justify;\">Svoje zaposlene lahko prijavi podjetje, ki se \u017eeli vpisati v register u\u010dnih mest, in ki \u017eeli svojim zaposlenim omogo\u010diti izpopolnjevanje na podro\u010dju mentorstva dijakom in \u0161tudentom v njihovem podjetju.<\/p>\n<p style=\"text-align: justify;\">Vstopni pogoji:<\/p>\n<p><strong>V program usposabljanja za mentorje dijakom na PUD se lahko vklju\u010di, kdor ima:<\/strong><\/p>\n<ul>\n<li>poklicno izobrazbo in vsaj pet let ustreznih delovnih izku\u0161enj ali<\/li>\n<li>srednjo strokovno izobrazbo in vsaj tri leta ustreznih delovnih izku\u0161enj ali<\/li>\n<li>vi\u0161jo izobrazbo in vsaj dve leti ustreznih delovnih izku\u0161enj.<\/li>\n<\/ul>\n<p><strong>V program usposabljanja za mentorje \u0161tudentom na PRI se lahko vklju\u010di, kdor ima:<\/strong><\/p>\n<ul>\n<li>vi\u0161jo izobrazbo in vsaj dve leti ustreznih delovnih izku\u0161enj.<\/li>\n<\/ul>\n<\/div>\n<div class=\"breakline\"><\/div>\n","protected":false},"excerpt":{"rendered":"<p>Namen in cilji projekta Usposabljanje mentorjev 2016\u20132021 Projekt Usposabljanje mentorjev 2016\u20132021 je namenjen\u00a0brezpla\u010dnemu usposabljanju mentorjev dijakom oz. \u0161tudentom za izvajanje prakti\u010dnega usposabljanja z delom oz. prakti\u010dnega izobra\u017eevanja, kar bo novim diplomantom poklicnega in strokovnega izobra\u017eevanja omogo\u010dalo bolj\u0161o usposobljenost za opravljanje poklica. Mentorstvo dijakom in \u0161tudentom je zahtevna naloga. Projekt spodbuja krepitev usposobljenosti mentorjev v podjetjih [&hellip;]<\/p>\n","protected":false},"author":1,"featured_media":0,"parent":0,"menu_order":0,"comment_status":"closed","ping_status":"closed","template":"","meta":[],"_links":{"self":[{"href":"https:\/\/www.usposabljanje-mentorjev.si\/index.php\/wp-json\/wp\/v2\/pages\/8386"}],"collection":[{"href":"https:\/\/www.usposabljanje-mentorjev.si\/index.php\/wp-json\/wp\/v2\/pages"}],"about":[{"href":"https:\/\/www.usposabljanje-mentorjev.si\/index.php\/wp-json\/wp\/v2\/types\/page"}],"author":[{"embeddable":true,"href":"https:\/\/www.usposabljanje-mentorjev.si\/index.php\/wp-json\/wp\/v2\/users\/1"}],"replies":[{"embeddable":true,"href":"https:\/\/www.usposabljanje-mentorjev.si\/index.php\/wp-json\/wp\/v2\/comments?post=8386"}],"version-history":[{"count":11,"href":"https:\/\/www.usposabljanje-mentorjev.si\/index.php\/wp-json\/wp\/v2\/pages\/8386\/revisions"}],"predecessor-version":[{"id":8936,"href":"https:\/\/www.usposabljanje-mentorjev.si\/index.php\/wp-json\/wp\/v2\/pages\/8386\/revisions\/8936"}],"wp:attachment":[{"href":"https:\/\/www.usposabljanje-mentorjev.si\/index.php\/wp-json\/wp\/v2\/media?parent=8386"}],"curies":[{"name":"wp","href":"https:\/\/api.w.org\/{rel}","templated":true}]}}