{"id":8388,"date":"2022-01-13T08:36:46","date_gmt":"2022-01-13T07:36:46","guid":{"rendered":"https:\/\/www.usposabljanje-mentorjev.si\/?page_id=8388"},"modified":"2022-01-13T08:36:46","modified_gmt":"2022-01-13T07:36:46","slug":"partnerji-in-kontakti-2016-2021","status":"publish","type":"page","link":"https:\/\/www.usposabljanje-mentorjev.si\/index.php\/partnerji-in-kontakti-2016-2021\/","title":{"rendered":"Partnerji in kontakti 2016-2021"},"content":{"rendered":"<table width=\"800\">\n<tbody>\n<tr>\n<td width=\"250\"><strong>Organizacija<\/strong><\/td>\n<td width=\"250\"><strong>Odgovorna oseba<\/strong><\/td>\n<td width=\"150\"><strong>Kontaktna oseba<\/strong><\/td>\n<td width=\"150\"><strong>Kontakt<\/strong><\/td>\n<\/tr>\n<tr>\n<td width=\"175\">Biotehni\u0161ki izobra\u017eevalni center Ljubljana<\/td>\n<td width=\"175\">mag. Jasna Kr\u017ein Stepi\u0161nik, direktorica<\/td>\n<td width=\"175\">Suzana Gradi\u010d<\/td>\n<td width=\"175\"><a href=\"mailto:suzana.gradic@bic-lj.si\"><b>suzana.gradic@bic-lj.si<\/b><\/a><\/td>\n<\/tr>\n<tr>\n<td width=\"175\">Biotehni\u0161ki center Naklo<\/td>\n<td width=\"175\">dr. Marijan Poga\u010dnik, direktor<\/td>\n<td width=\"175\">Danijela Gruba\u010d<\/td>\n<td width=\"175\"><a href=\"mailto:danijela.grubac@bc-naklo.si\"><b>danijela.grubac@bc-naklo.si<\/b><\/a><\/td>\n<\/tr>\n<tr>\n<td width=\"175\">GRM Novo mesto &#8211; Center biotehnike in turizma<\/td>\n<td width=\"175\">Tone Hrovat, direktor<\/td>\n<td width=\"175\">Mojca Kogov\u0161ek<\/td>\n<td width=\"175\"><a href=\"mailto:mojca.kogovsek2@guest.arnes.si\"><b>mojca.kogovsek2@guest.arnes.si<\/b><\/a><\/td>\n<\/tr>\n<tr>\n<td width=\"175\">Izobra\u017eevalni center Piramida Maribor<\/td>\n<td width=\"175\">mag. Midhat Mulaosmanovi\u0107, v.d. direktor<\/td>\n<td width=\"175\">dr. Tina Perko<\/td>\n<td width=\"175\"><a href=\"mailto:tina.perko@icp-mb.si\"><b>tina.perko@icp-mb.si<\/b><\/a><\/td>\n<\/tr>\n<tr>\n<td width=\"175\">Srednja gozdarska in lesarska \u0161ola Postojna<\/td>\n<td width=\"175\">Cvetka Kernel, ravnateljica<\/td>\n<td width=\"175\">Franc Rot<\/td>\n<td width=\"175\"><a href=\"mailto:rotfranc@gmail.com\"><b>rotfranc@gmail.com<\/b><\/a><\/td>\n<\/tr>\n<tr>\n<td width=\"175\">Srednja \u0161ola za gostinstvo in turizem v Ljubljani<\/td>\n<td width=\"175\">Marjeta Smole, ravnateljica<\/td>\n<td width=\"175\">Zofija Barbi\u010d Banfi<\/td>\n<td width=\"175\"><a href=\"mailto:zofi@ssgtlj.si\"><b>zofi@ssgtlj.si\u00a0<\/b><\/a><\/td>\n<\/tr>\n<tr>\n<td width=\"175\">Srednja \u0161ola Izola<\/td>\n<td width=\"175\">Adelija Perne, ravnateljica<\/td>\n<td width=\"175\">Milica \u017divkovi\u010d<\/td>\n<td width=\"175\"><a href=\"mailto:sola@srednjasolaizola.si\"><b>sola@srednjasolaizola.si <\/b><\/a><b>;\u00a0<\/b><a href=\"mailto:sola@srednjasolaizola.si\"><b> milica.zivkovic@kabelnet.net<\/b><\/a><\/td>\n<\/tr>\n<tr>\n<td width=\"175\">Srednja \u0161ola Jesenice<\/td>\n<td width=\"175\">Monika Lotri\u010d, v.d. ravnateljice<\/td>\n<td width=\"175\">Petra Tera\u017e<\/td>\n<td width=\"175\"><a href=\"mailto:petra.teraz@guest.arnes.si\"><b>petra.teraz@guest.arnes.si\u00a0<\/b><\/a><\/td>\n<\/tr>\n<tr>\n<td width=\"175\">Srednja \u0161ola Zagorje<\/td>\n<td width=\"175\">Alja\u0161a Urbanija, ravnateljica<\/td>\n<td width=\"175\">Mojca Omahne<\/td>\n<td width=\"175\"><a href=\"mailto:mojca.omahne@gmail.com\"><b>mojca.omahne@gmail.com\u00a0<\/b><\/a><\/td>\n<\/tr>\n<tr>\n<td width=\"175\">Srednja \u0161ola za gostinstvo in turizem Maribor<\/td>\n<td width=\"175\">Du\u0161an Erjavec, ravnatelj<\/td>\n<td width=\"175\">Marjan Bo\u017ei\u010dko<\/td>\n<td width=\"175\"><a href=\"mailto:marjan.bozicko@guest.arnes.si\"><b>marjan.bozicko@guest.arnes.si\u00a0<\/b><\/a><\/td>\n<\/tr>\n<tr>\n<td width=\"175\">Srednja \u0161ola za gostinstvo in turizem Celje<\/td>\n<td width=\"175\">Iztok Leskovar, ravnatelj<\/td>\n<td width=\"175\">Ale\u0161 Brod<\/td>\n<td width=\"175\"><a href=\"mailto:mic@ssgt.si\"><strong>mic@ssgt.si<\/strong><\/a><\/td>\n<\/tr>\n<tr>\n<td width=\"175\">\u0160ola za hortikulturo in vizualne umetnosti Celje<\/td>\n<td width=\"175\">\u0160tefanija Kos Zidar, direktorica\/ravnateljica<\/td>\n<td width=\"175\">Anja \u017du\u017eej Gobec<\/td>\n<td width=\"175\"><b><a href=\"mailto:anja.zuzej-gobec@hvu.si\">anja.zuzej-gobec@hvu.si<\/a> ; <a href=\"mailto:anja.gobec@gmail.com\">anja.gobec@gmail.com<\/a><\/b><\/td>\n<\/tr>\n<tr>\n<td width=\"175\">\u0160olski center Ptuj<\/td>\n<td width=\"175\">mag. Oton Mlakar, direktor<\/td>\n<td width=\"175\">Branko Polanec<\/td>\n<td width=\"175\"><a href=\"mailto:branko.polanec@guest.arnes.si\"><b>branko.polanec@guest.arnes.si\u00a0<\/b><\/a><\/td>\n<\/tr>\n<tr>\n<td width=\"175\">\u0160olski center Slovenj Gradec<\/td>\n<td width=\"175\">mag. Gabrijela Kotnik, direktorica<\/td>\n<td width=\"175\">Adolf Flis<\/td>\n<td width=\"175\"><a href=\"mailto:adolf.flis@gmail.com\"><b>adolf.flis@gmail.com <\/b><\/a><b>;<\/b><a href=\"mailto:adolf.flis@gmail.com\"><b> adolf.flis@sc-sg.si<\/b><\/a><\/td>\n<\/tr>\n<tr>\n<td width=\"175\">\u0160olski center Slovenske Konjice-Zre\u010de<\/td>\n<td width=\"175\">Jasmina Mihelak Zupan\u010di\u010d, direktorica\/ravnateljica<\/td>\n<td width=\"175\">Milan Soj\u010d<\/td>\n<td width=\"175\"><a href=\"mailto:milan.sojc@guest.arnes.si\"><b>milan.sojc@guest.arnes.si<\/b><\/a><\/td>\n<\/tr>\n<tr>\n<td width=\"175\">\u0160olski center \u0160entjur<\/td>\n<td width=\"175\">mag. Branko \u0160ket, direktor\/ravnatelj<\/td>\n<td width=\"175\">Metoda Kri\u017eanec<\/td>\n<td width=\"175\"><a href=\"mailto:metoda.krizanec@sc-s.si\"><b>metoda.krizanec@sc-s.si\u00a0<\/b><\/a><\/td>\n<\/tr>\n<tr>\n<td width=\"175\">Vi\u0161ja strokovna \u0161ola za kozmetiko in velnes Ljubljana<\/td>\n<td width=\"175\">Jelica Pegan Stemberger, ravnateljica<\/td>\n<td width=\"175\">Danica \u0160prah<\/td>\n<td width=\"175\"><b><a href=\"mailto:danica@vskv.si\">danica@vskv.si\u00a0<\/a><\/b><\/td>\n<\/tr>\n<tr>\n<td width=\"175\">Obrtno-podjetni\u0161ka zbornica Slovenije<\/td>\n<td width=\"175\">Danijel Lamperger, direktor<\/td>\n<td width=\"175\">Suzana Kljun<\/td>\n<td width=\"175\"><a href=\"mailto:suzana.kljun@ozs.si\"><b>suzana.kljun@ozs.si<\/b><\/a><\/td>\n<\/tr>\n<tr>\n<td width=\"175\">Gospodarska zbornica Slovenije<\/td>\n<td width=\"175\">mag. Sonja \u0160muc, generalna direktorica<\/td>\n<td width=\"175\">Barbara Krajnc, Andreja Sever<\/td>\n<td width=\"175\"><b><a href=\"mailto:barbara.krajnc@cpu.si\">barbara.krajnc@cpu.si<\/a> ;<a href=\"mailto:barbara.krajnc@cpu.si\"> saso.pristavec@cpu.si <\/a>;<a href=\"mailto:barbara.krajnc@cpu.si\"> andreja.sever@gzs.si\u00a0<\/a><\/b><\/td>\n<\/tr>\n<\/tbody>\n<\/table>\n<p><!--more--><\/p>\n","protected":false},"excerpt":{"rendered":"<p>Organizacija Odgovorna oseba Kontaktna oseba Kontakt Biotehni\u0161ki izobra\u017eevalni center Ljubljana mag. Jasna Kr\u017ein Stepi\u0161nik, direktorica Suzana Gradi\u010d suzana.gradic@bic-lj.si Biotehni\u0161ki center Naklo dr. Marijan Poga\u010dnik, direktor Danijela Gruba\u010d danijela.grubac@bc-naklo.si GRM Novo mesto &#8211; Center biotehnike in turizma Tone Hrovat, direktor Mojca Kogov\u0161ek mojca.kogovsek2@guest.arnes.si Izobra\u017eevalni center Piramida Maribor mag. Midhat Mulaosmanovi\u0107, v.d. direktor dr. Tina Perko tina.perko@icp-mb.si [&hellip;]<\/p>\n","protected":false},"author":1,"featured_media":0,"parent":0,"menu_order":0,"comment_status":"closed","ping_status":"closed","template":"","meta":[],"_links":{"self":[{"href":"https:\/\/www.usposabljanje-mentorjev.si\/index.php\/wp-json\/wp\/v2\/pages\/8388"}],"collection":[{"href":"https:\/\/www.usposabljanje-mentorjev.si\/index.php\/wp-json\/wp\/v2\/pages"}],"about":[{"href":"https:\/\/www.usposabljanje-mentorjev.si\/index.php\/wp-json\/wp\/v2\/types\/page"}],"author":[{"embeddable":true,"href":"https:\/\/www.usposabljanje-mentorjev.si\/index.php\/wp-json\/wp\/v2\/users\/1"}],"replies":[{"embeddable":true,"href":"https:\/\/www.usposabljanje-mentorjev.si\/index.php\/wp-json\/wp\/v2\/comments?post=8388"}],"version-history":[{"count":1,"href":"https:\/\/www.usposabljanje-mentorjev.si\/index.php\/wp-json\/wp\/v2\/pages\/8388\/revisions"}],"predecessor-version":[{"id":8389,"href":"https:\/\/www.usposabljanje-mentorjev.si\/index.php\/wp-json\/wp\/v2\/pages\/8388\/revisions\/8389"}],"wp:attachment":[{"href":"https:\/\/www.usposabljanje-mentorjev.si\/index.php\/wp-json\/wp\/v2\/media?parent=8388"}],"curies":[{"name":"wp","href":"https:\/\/api.w.org\/{rel}","templated":true}]}}