{"id":8423,"date":"2022-01-19T14:32:55","date_gmt":"2022-01-19T13:32:55","guid":{"rendered":"https:\/\/www.usposabljanje-mentorjev.si\/?page_id=8423"},"modified":"2024-03-08T08:03:29","modified_gmt":"2024-03-08T07:03:29","slug":"kako-dijake-in-vajence-pripraviti-na-vmesni-preizkus","status":"publish","type":"page","link":"https:\/\/www.usposabljanje-mentorjev.si\/index.php\/kako-dijake-in-vajence-pripraviti-na-vmesni-preizkus\/","title":{"rendered":"Kako dijake in vajence pripraviti na vmesni preizkus?"},"content":{"rendered":"<h1>1. Ime programa usposabljanja<\/h1>\n<p>Kako dijake in vajence pripraviti na vmesni preizkus?<\/p>\n<p>&nbsp;<\/p>\n<h1>2. Namen programa usposabljanja<\/h1>\n<p>Na usposabljanju se bodo udele\u017eenci seznanili s postopkom priprave in izvedbe ter predpisi, ki urejajo izvajanje vmesnih preizkusov za dijake in vajence srednjega poklicnega izobra\u017eevanja. Usposobili se bodo za izbiro delovnih nalog in oblikovanje kriterijev za vrednotenje kakovosti izvedbe delovnega opravila v okviru vmesnega preizkusa. Posvetili se bodo tudi ustrezni pripravi dijaka oz. vajenca, ureditvi varnega delovnega okolja in sodelovanju z nadzorniki vmesnega preizkusa.<\/p>\n<p>&nbsp;<\/p>\n<h1>3. Trajanje programa usposabljanja<\/h1>\n<p>Osem ur<\/p>\n<p>&nbsp;<\/p>\n<h1>4. Ciljna skupina programa usposabljanja<\/h1>\n<p>Usposabljanje je namenjeno mentorjem dijakom in vajencem, ki so vklju\u010deni v programe srednjega poklicnega izobra\u017eevanja, ter nadzornikom pri vmesnih preizkusih. Priporo\u010damo ga mentorjem, ki imajo dijake in\/ali vajence v 1. ali 2. letniku, in drugim, ki se ukvarjajo z usposabljanjem na delovnem mestu (npr. odgovorni za izobra\u017eevanje in usposabljanje zaposlenih, kadrovske slu\u017ebe, vodstvo).<\/p>\n<p>&nbsp;<\/p>\n<h1>5. Izvajalci programa usposabljanja<\/h1>\n<p>Priporo\u010damo, da imajo izvajalci izobrazbo pridobljeno po \u0161tudijskih programih za pridobitev izobrazbe najmanj prve stopnje, vsaj tri leta delovnih izku\u0161enj na podro\u010dju usposabljanja z delom ter ustrezno pedago\u0161ko-andrago\u0161ko znanje.<\/p>\n<p>&nbsp;<\/p>\n<h1>6. Kompetence programa usposabljanja<\/h1>\n<p>Udele\u017eenec lahko razvije naslednje kompetence:<\/p>\n<p>usposobljenost za u\u010dinkovito pripravo dijakov in vajencev na vmesni preizkus;<\/p>\n<p>usposobljenost za sodelovanje pri izboru delovnih nalog in kriterijev opazovanja na vmesnem preizkusu;<\/p>\n<p>sposobnost uporabe dokumentacije;<\/p>\n<p>usposobljenost za prilagajanje v razli\u010dnih situacijah pri izvedbi vmesnih preizkusov;<\/p>\n<p>sposobnost reflektiranja lastnega delovanja glede na opredeljene naloge in vlogo.<\/p>\n<p>&nbsp;<\/p>\n<h1>7. U\u010dni cilji programa usposabljanja<\/h1>\n<p>Udele\u017eenec:<\/p>\n<p>na\u0161teje predpise, ki urejajo izvajanje vmesnih preizkusov;<\/p>\n<p>opi\u0161e vsebino opredelitev vmesnih preizkusov v predpisih;<\/p>\n<p>na\u0161teje glavne akterje pri vmesnih preizkusih in opi\u0161e njihove naloge;<\/p>\n<p>pojasni pomen sodelovanja z zbornico in nadzornikom;<\/p>\n<p>opi\u0161e proces izvedbe vmesnih preizkusov;<\/p>\n<p>pojasni pomen in na\u010din uporabe spremne dokumentacije pri vmesnih preizkusih;<\/p>\n<p>opi\u0161e na\u010dine upo\u0161tevanja varnostnih predpisov;<\/p>\n<p>pojasni pomen priprave dijakov in vajencev na vmesni preizkus;<\/p>\n<p>opi\u0161e primere aktivnosti, namenjene pripravi dijakov in vajencev na vmesni preizkus;<\/p>\n<p>opi\u0161e usmeritve za izbiro delovnih opravil za vmesni preizkus in za pripravo kriterijev opazovanja.<\/p>\n<p>&nbsp;<\/p>\n<h1>8. Vsebina programa usposabljanja<\/h1>\n<p>Namen vmesnega preizkusa<\/p>\n<p>Podlage za izvedbo vmesnega preizkusa<\/p>\n<p>Sodelujo\u010di in njihova vloga pri vmesnem preizkusu (vajenec\/dijak, mentor, nadzornik)<\/p>\n<p>Kraj, trajanje in potek vmesnih preizkusov<\/p>\n<p>Kriteriji opazovanja dijaka\/vajenca in podajanje povratne informacije<\/p>\n<p>Kako naj mentor izbere primerno delovno opravilo za dijaka\/vajenca na vmesnem preizkusu in primeri delovnih opravil za posamezne izobra\u017eevalne programe<\/p>\n<p>Pomen varnostnih predpisov na vmesnem preizkusu<\/p>\n<p>&nbsp;<\/p>\n<h1>9. Priporo\u010dila za izvedbo programa usposabljanja<\/h1>\n<p>Priporo\u010damo izvedbo v obliki kraj\u0161ih predavanj, kombiniranih z delom v manj\u0161ih skupinah in diskusijo.<\/p>\n","protected":false},"excerpt":{"rendered":"<p>1. Ime programa usposabljanja Kako dijake in vajence pripraviti na vmesni preizkus? &nbsp; 2. Namen programa usposabljanja Na usposabljanju se bodo udele\u017eenci seznanili s postopkom priprave in izvedbe ter predpisi, ki urejajo izvajanje vmesnih preizkusov za dijake in vajence srednjega poklicnega izobra\u017eevanja. Usposobili se bodo za izbiro delovnih nalog in oblikovanje kriterijev za vrednotenje kakovosti [&hellip;]<\/p>\n","protected":false},"author":1,"featured_media":0,"parent":0,"menu_order":0,"comment_status":"closed","ping_status":"closed","template":"","meta":[],"_links":{"self":[{"href":"https:\/\/www.usposabljanje-mentorjev.si\/index.php\/wp-json\/wp\/v2\/pages\/8423"}],"collection":[{"href":"https:\/\/www.usposabljanje-mentorjev.si\/index.php\/wp-json\/wp\/v2\/pages"}],"about":[{"href":"https:\/\/www.usposabljanje-mentorjev.si\/index.php\/wp-json\/wp\/v2\/types\/page"}],"author":[{"embeddable":true,"href":"https:\/\/www.usposabljanje-mentorjev.si\/index.php\/wp-json\/wp\/v2\/users\/1"}],"replies":[{"embeddable":true,"href":"https:\/\/www.usposabljanje-mentorjev.si\/index.php\/wp-json\/wp\/v2\/comments?post=8423"}],"version-history":[{"count":3,"href":"https:\/\/www.usposabljanje-mentorjev.si\/index.php\/wp-json\/wp\/v2\/pages\/8423\/revisions"}],"predecessor-version":[{"id":8805,"href":"https:\/\/www.usposabljanje-mentorjev.si\/index.php\/wp-json\/wp\/v2\/pages\/8423\/revisions\/8805"}],"wp:attachment":[{"href":"https:\/\/www.usposabljanje-mentorjev.si\/index.php\/wp-json\/wp\/v2\/media?parent=8423"}],"curies":[{"name":"wp","href":"https:\/\/api.w.org\/{rel}","templated":true}]}}