{"id":8448,"date":"2024-03-05T15:34:49","date_gmt":"2024-03-05T14:34:49","guid":{"rendered":"https:\/\/www.usposabljanje-mentorjev.si\/?page_id=8448"},"modified":"2024-06-21T12:10:14","modified_gmt":"2024-06-21T10:10:14","slug":"domov-2","status":"publish","type":"page","link":"https:\/\/www.usposabljanje-mentorjev.si\/","title":{"rendered":"Domov"},"content":{"rendered":"<h2><img decoding=\"async\" loading=\"lazy\" class=\"aligncenter wp-image-8907 size-full\" src=\"https:\/\/www.usposabljanje-mentorjev.si\/wp-content\/uploads\/2024\/06\/logo_pasica24.png\" alt=\"\" width=\"800\" height=\"99\" srcset=\"https:\/\/www.usposabljanje-mentorjev.si\/wp-content\/uploads\/2024\/06\/logo_pasica24.png 800w, https:\/\/www.usposabljanje-mentorjev.si\/wp-content\/uploads\/2024\/06\/logo_pasica24-300x37.png 300w, https:\/\/www.usposabljanje-mentorjev.si\/wp-content\/uploads\/2024\/06\/logo_pasica24-768x95.png 768w\" sizes=\"(max-width: 800px) 100vw, 800px\" \/><\/h2>\n<h2><strong>Namen in cilj projekt Usposabljanje mentorjev 2023\u20132026?<\/strong><\/h2>\n<p>Projekt Usposabljanje mentorjev 2023 \u2013 2026 v celoti financirata Ministrstvo za vzgojo in izobra\u017eevanje, Evropska unija \u2013 NextGenerationEU iz sredstev Mehanizma na okrevanje in odpornost zato je udele\u017eba brezpla\u010dna. Ve\u010d o NOO na <a href=\"https:\/\/www.gov.si\/zbirke\/projekti-in-programi\/nacrt-za-okrevanje-in-odpornost\/\">povezavi <\/a><\/p>\n<p>Vi\u0161ina sofinanciranja: 722.000,00 EUR<\/p>\n<p>Sofinancirano je izvajanja programov usposabljanja za mentorje, ki v podjetjih izvajajo prakti\u010dno usposabljanje z delom in prakti\u010dno izobra\u017eevanje po izobra\u017eevalnih programih za pridobitev izobrazbe. Usposabljanje poteka \u00a0po programih za usposabljanje mentorjev, ki jih je pripravil Center Republike Slovenije za poklicno izobra\u017eevanje (CPI) in \u00a0so opredeljena v nadaljevanju.<\/p>\n<p>Namen projekt Usposabljanje mentorjev 2023\u20132026 je prispevati k izbolj\u0161anju odzivnosti sistema izobra\u017eevanja in usposabljanja na potrebe trga dela z izbolj\u0161anjem kompetenc mentorjev v podjetjih ter posledi\u010dno krepitvi sodelovanja med izobra\u017eevalnim sistemom in trgom dela. Cilj projekta je zmanj\u0161ati neskladja med kompetencami, ki jih \u0161olajo\u010di pridobijo med izobra\u017eevanjem ter kompetencami, ki jih i\u0161\u010dejo delodajalci, s \u010dimer bo omogo\u010den bolj\u0161i prehod iz izobra\u017eevanja na trg dela, in sicer z usposabljanjem 1950 mentorjev v podjetjih.<\/p>\n<h2><strong>Kaj omogo\u010da projekt Usposabljanje mentorjev 2023\u20132026?<\/strong><\/h2>\n<p>Usposabljanje mentorjev 2023\u20132026 je projekt, ki omogo\u010da <strong>BREZPLA\u010cNO<\/strong> usposabljanje mmentorjev dijakom na prakti\u010dnem usposabljanju z delom in \u0161tudentom na prakti\u010dnem izobra\u017eevanju pa tudi mentorjev vajencem.<\/p>\n<p>Dijaki srednjih poklicnih in srednjih strokovnih \u0161ol namre\u010d del svoje izobra\u017eevalne poti pre\u017eivijo v podjetjih na t. i. prakti\u010dnem usposabljanju z delom (PUD) ali kot vajenci, \u0161tudenti vi\u0161jih strokovnih \u0161ol pa se prakti\u010dno izobra\u017eujejo pri delodajalcih (PRI), kjer je bistvenega pomena primerno in kakovostno mentorstvo. Program omogo\u010da bodo\u010dim mentorjem pridobiti primerno pedago\u0161ko-andrago\u0161ko usposobljenost in kompetence, s katerimi bodo lahko dijakom in\/ali \u0161tudentom omogo\u010dali kvalitetno mentorstvo.<\/p>\n<p>Projekt ponuja dva sklopa brezpla\u010dnih usposabljanj za mentorje:<\/p>\n<p>&nbsp;<\/p>\n<p>Program 1: <strong><a href=\"https:\/\/www.usposabljanje-mentorjev.si\/index.php\/osnovno-usposabljanje-za-mentorje\/\">osnovno usposabljanje mentorjev<\/a>:<\/strong> Usposabljanje mentorjev dijakom na prakti\u010dnem usposabljanju z delom in \u0161tudentom na prakti\u010dnem izobra\u017eevanju (32 ur)<\/p>\n<p>Program 2:\u00a0 Nadaljna usposabljanja\u00a0za mentorje:<\/p>\n<ul>\n<li><a href=\"https:\/\/www.usposabljanje-mentorjev.si\/index.php\/komunikacija-in-zaupanje-v-mentorskem-odnosu\/\">Komunikacija in zaupanje v mentorskem odnosu (8 ur)<\/a><\/li>\n<li><a href=\"https:\/\/www.usposabljanje-mentorjev.si\/index.php\/ucinkovit-mentorski-proces\/\">U\u010dinkovit mentorski proces (8 ur)<\/a><\/li>\n<li><a href=\"https:\/\/www.usposabljanje-mentorjev.si\/index.php\/priprava-nacrta-izvajanja-vajenistva\/\">Priprava na\u010drta izvajanja vajeni\u0161tva (8 ur)<\/a><\/li>\n<li><a href=\"https:\/\/www.usposabljanje-mentorjev.si\/index.php\/kako-dijake-in-vajence-pripraviti-na-vmesni-preizkus\/\">Kako dijake in vajence pripraviti na vmesni preizkus (8 ur)<\/a><\/li>\n<\/ul>\n<div class=\"breakline\"><\/div>\n<h2 style=\"text-align: justify;\"><strong>Zakaj se prijaviti na usposabljanje?<\/strong><\/h2>\n<div class=\"multiColumnLayout\">\n<p>Posameznik z osnovnim usposabljanjem pridobi pedago\u0161ko-andrago\u0161ko usposobljenost za delo z dijaki in\/ali \u0161tudenti na delovnem mestu ter hkrati izbolj\u0161a svoje kompetence na podro\u010dju mentorstva.<\/p>\n<p>Projekt podjetjem omogo\u010da usposobiti kader, ki bodo primerni mentorji dijakom srednjih poklicnih in srednjih strokovnih \u0161ol, ki se prakti\u010dno usposabljajo z delom (PUD) oz. so vajenci, in \u0161tudentom vi\u0161jih strokovnih \u0161ol, ki se prakti\u010dno izobra\u017eujejo pri delodajalcih (PRI).<\/p>\n<p>Podjetja in ustanove, ki se \u017eelijo vpisati v register u\u010dnih mest, morajo izpolnjevati kriterij primerne usposobljenosti zaposlenih za mentorstvo dijakom in\/ali \u0161tudentom na delovnem mestu. Projekt Usposabljanje mentorjev 2023\u20132026 bo poskrbel, da bodo njihovi bodo\u010di mentorji pridobili primerno in kvalitetno pedago\u0161ko-andrago\u0161ko usposobljenost za delo z dijaki in\/ali \u0161tudenti na delovnem mestu.<\/p>\n<p>Nadaljnja usposabljanja ponujajo nadgradnjo znanja in usposobljenosti za delo z dijaki, \u0161tudenti ter vajenci.<\/p>\n<\/div>\n<div class=\"breakline\"><\/div>\n<h2 style=\"text-align: justify;\"><strong>Kako poteka usposabljanje?<\/strong><\/h2>\n<div class=\"multiColumnLayout\">\n<p>Usposabljanje poteka v skupini do 12 udele\u017eencev pri enem izmed petnajstih izvajalcev (<a href=\"https:\/\/www.usposabljanje-mentorjev.si\/index.php\/partnerji-in-kontakti\/\" target=\"_blank\" rel=\"noopener\">Partnerji in kontakti<\/a>).<\/p>\n<p><strong>Osnovno usposabljanje<\/strong> obsega 32-urni program, praviloma izveden v \u0161tirih dneh, usposabljanje pa udele\u017eenci zaklju\u010dijo s pripravo zaklju\u010dne naloge.<\/p>\n<p><strong>Nadaljnja usposabljanja <\/strong>obsegajo \u0161tiri 8-urne programe, izvedene praviloma vsako v enem dnevu. Udele\u017eenec se praviloma prijavi <span style=\"font-weight: inherit;\">na vse \u0161tiri posamezne programe oz. izrazi interes z<\/span><span style=\"font-weight: inherit;\">a enega od programov nadaljnjega usposabljanja.<\/span><\/p>\n<\/div>\n<div class=\"breakline\"><\/div>\n<h2 style=\"text-align: justify;\"><strong>Kdo se lahko prijavi?<\/strong><\/h2>\n<div class=\"multiColumnLayout\">\n<p>V <strong>osnovno usposabljanje<\/strong> se lahko vklju\u010dijo zaposleni, ki izpolnjujejo naslednje pogoje:<\/p>\n<p>Kandidati <strong>za mentorje dijakom<\/strong> na prakti\u010dnem usposabljanju z delom se lahko vklju\u010dijo v usposabljanje, \u010de imajo:<\/p>\n<ul>\n<li>srednjo strokovno izobrazbo in vsaj tri leta delovnih izku\u0161enj na ustreznem poklicnem podro\u010dju ali<\/li>\n<li>srednjo poklicno izobrazbo in vsaj pet let delovnih izku\u0161enj na ustreznem poklicnem podro\u010dju.<\/li>\n<\/ul>\n<p>Kandidati <strong>za mentorje \u0161tudentom<\/strong> na prakti\u010dnem izobra\u017eevanju se lahko vklju\u010dijo v usposabljanje, \u010de imajo:<\/p>\n<ul>\n<li>najmanj vi\u0161jo strokovno izobrazbo in vsaj dve leti delovnih izku\u0161enj na ustreznem poklicnem podro\u010dju<\/li>\n<\/ul>\n<p>&nbsp;<\/p>\n<p>V <strong>nadaljnja usposabljanja<\/strong> se lahko vklju\u010dijo:<\/p>\n<ul>\n<li>mentorji, ki so \u017ee opravili osnovno usposabljanje ali mentorji, ki imajo opravljen mojstrski, poslovodski ali delovodski izpit.<\/li>\n<\/ul>\n<p>&nbsp;<\/p>\n<p>Prijavi se lahko vsak zaposleni posameznik, ki \u017eeli pridobiti kompetence in pedago\u0161ko-andrago\u0161ko usposobljenost za delo z dijaki in\/ali \u0161tudenti na delovnem mestu in ima primerno stopnjo izobrazbe.<\/p>\n<p>Svoje zaposlene lahko prijavi podjetje, ki se \u017eeli vpisati v register u\u010dnih mest, in ki \u017eeli svojim zaposlenim omogo\u010diti izpopolnjevanje na podro\u010dju mentorstva dijakom in \u0161tudentom v njihovem podjetju.<\/p>\n<p>&nbsp;<\/p>\n<\/div>\n<h2 style=\"text-align: justify;\"><strong>Kako se prijaviti?<\/strong><\/h2>\n<div class=\"multiColumnLayout\">\n<p style=\"text-align: justify;\">Prijavite se lahko individualno na spletni strani (<a href=\"https:\/\/docs.google.com\/a\/bic-lj.si\/forms\/d\/e\/1FAIpQLSfNsPnf3RQA1L_mrSF1jGnosdusfHda4wKOW6AhnwiBYN2a-w\/viewform\" target=\"_blank\" rel=\"noopener\">Prijava na usposabljanje<\/a>), lahko pa stopite v kontakt z izbranim izvajalcem v va\u0161i regiji, ki vam bo posredoval prijavnico v fizi\u010dni obliki. <a href=\"https:\/\/www.usposabljanje-mentorjev.si\/wp-content\/uploads\/2024\/03\/Informacije-o-pravicah-za-posameznike-na-katere-se-nanasajo-osebni-podatki.pdf\" target=\"_blank\" rel=\"noopener\">Informacije o pravicah za posameznike, na katere se nana\u0161ajo osebni podatki<\/a><\/p>\n<\/div>\n<div class=\"breakline\"><\/div>\n<h2 style=\"text-align: justify;\"><strong>Imate dodatna vpra\u0161anja?<\/strong><\/h2>\n<p style=\"text-align: justify;\">Pi\u0161ite nam na:<\/p>\n<div class=\"multiColumn3Layout\">\n<p style=\"text-align: justify;\"><a href=\"mailto:gregor.matos@bic-lj.si\">gregor.matos@bic-lj.si<\/a><\/p>\n<p><a href=\"mailto:nusa.simoncic-klinc@bic-lj.si\"><u>nusa.simoncic-klinc@bic-lj.si<\/u><\/a><\/p>\n<\/div>\n<div class=\"multiColumn3Layout\"><\/div>\n","protected":false},"excerpt":{"rendered":"<p>Namen in cilj projekt Usposabljanje mentorjev 2023\u20132026? Projekt Usposabljanje mentorjev 2023 \u2013 2026 v celoti financirata Ministrstvo za vzgojo in izobra\u017eevanje, Evropska unija \u2013 NextGenerationEU iz sredstev Mehanizma na okrevanje in odpornost zato je udele\u017eba brezpla\u010dna. Ve\u010d o NOO na povezavi Vi\u0161ina sofinanciranja: 722.000,00 EUR Sofinancirano je izvajanja programov usposabljanja za mentorje, ki v podjetjih [&hellip;]<\/p>\n","protected":false},"author":34,"featured_media":0,"parent":0,"menu_order":0,"comment_status":"closed","ping_status":"closed","template":"","meta":[],"_links":{"self":[{"href":"https:\/\/www.usposabljanje-mentorjev.si\/index.php\/wp-json\/wp\/v2\/pages\/8448"}],"collection":[{"href":"https:\/\/www.usposabljanje-mentorjev.si\/index.php\/wp-json\/wp\/v2\/pages"}],"about":[{"href":"https:\/\/www.usposabljanje-mentorjev.si\/index.php\/wp-json\/wp\/v2\/types\/page"}],"author":[{"embeddable":true,"href":"https:\/\/www.usposabljanje-mentorjev.si\/index.php\/wp-json\/wp\/v2\/users\/34"}],"replies":[{"embeddable":true,"href":"https:\/\/www.usposabljanje-mentorjev.si\/index.php\/wp-json\/wp\/v2\/comments?post=8448"}],"version-history":[{"count":11,"href":"https:\/\/www.usposabljanje-mentorjev.si\/index.php\/wp-json\/wp\/v2\/pages\/8448\/revisions"}],"predecessor-version":[{"id":8938,"href":"https:\/\/www.usposabljanje-mentorjev.si\/index.php\/wp-json\/wp\/v2\/pages\/8448\/revisions\/8938"}],"wp:attachment":[{"href":"https:\/\/www.usposabljanje-mentorjev.si\/index.php\/wp-json\/wp\/v2\/media?parent=8448"}],"curies":[{"name":"wp","href":"https:\/\/api.w.org\/{rel}","templated":true}]}}