{"id":8900,"date":"2024-06-14T09:06:35","date_gmt":"2024-06-14T07:06:35","guid":{"rendered":"https:\/\/www.usposabljanje-mentorjev.si\/?page_id=8900"},"modified":"2024-06-14T12:16:47","modified_gmt":"2024-06-14T10:16:47","slug":"predstavitev-projekta-2021-2023","status":"publish","type":"page","link":"https:\/\/www.usposabljanje-mentorjev.si\/index.php\/predstavitev-projekta-2021-2023\/","title":{"rendered":"Predstavitev projekta 2021-2023"},"content":{"rendered":"<p><img decoding=\"async\" loading=\"lazy\" class=\"aligncenter wp-image-8903 size-large\" src=\"https:\/\/www.usposabljanje-mentorjev.si\/wp-content\/uploads\/2024\/06\/Logo2024-1024x82.jpg\" alt=\"\" width=\"1024\" height=\"82\" srcset=\"https:\/\/www.usposabljanje-mentorjev.si\/wp-content\/uploads\/2024\/06\/Logo2024-1024x82.jpg 1024w, https:\/\/www.usposabljanje-mentorjev.si\/wp-content\/uploads\/2024\/06\/Logo2024-300x24.jpg 300w, https:\/\/www.usposabljanje-mentorjev.si\/wp-content\/uploads\/2024\/06\/Logo2024-768x61.jpg 768w, https:\/\/www.usposabljanje-mentorjev.si\/wp-content\/uploads\/2024\/06\/Logo2024.jpg 1316w\" sizes=\"(max-width: 1024px) 100vw, 1024px\" \/><\/p>\n<p>&nbsp;<\/p>\n<h2 style=\"text-align: justify;\"><strong>Namen in cilji projekta Usposabljanje mentorjev 2021\u20132023<\/strong><\/h2>\n<p style=\"text-align: justify;\">Projekt JR Usposabljanje mentorjev 2021 \u2013 2023 v celoti financirata Ministrstvo za vzgojo, izobra\u017eevanje in \u0161port RS ter Evropska unija in sicer iz Evropskega socialnega sklada, ve\u010d o evropskih skladih na <a href=\"https:\/\/www.eu-skladi.si\/\">povezavi<\/a>. Operacije se bodo izvajale v kohezijski regiji vzhodne Slovenije (KRVS) ter v kohezijski regiji zahodne Slovenije (KRZS).<\/p>\n<p style=\"text-align: justify;\">Vi\u0161ina sofinanciranja: 175.000,00 EUR, od tega KRVS: 92.750,00 EUR in KRZS 82.250,00 EUR-<\/p>\n<p style=\"text-align: justify;\">Sofinancirano je izvajanje programov za izbolj\u0161anje kakovosti in u\u010dinkovitosti poklicnega izobra\u017eevanja in usposabljanja za mentorje, ki v podjetjih izvajajo prakti\u010dno usposabljanje z delom in prakti\u010dno izobra\u017eevanje po izobra\u017eevalnih programih za pridobitev izobrazbe.<br \/>\nSofinanciranje izvajanja programov za izbolj\u0161anje kakovosti in u\u010dinkovitosti poklicnega izobra\u017eevanja in usposabljanja je razdeljeno na naslednja dva sklopa:<br \/>\n\u2022 Sklop A: sofinanciranje izvajanja programov za izbolj\u0161anje kakovosti in u\u010dinkovitosti poklicnega izobra\u017eevanja in usposabljanja \u2013 Osnovno usposabljanje mentorjev<br \/>\n\u2022 Sklop B: sofinanciranje izvajanja programov za izbolj\u0161anje kakovosti in u\u010dinkovitosti poklicnega izobra\u017eevanja in usposabljanja \u2013 Nadaljnje usposabljanje mentorjev<\/p>\n<p style=\"text-align: justify;\">Namen projekta Usposabljanje mentorjev 2021\u20132023 je prispevati k izbolj\u0161anju odzivnosti sistema izobra\u017eevanja in usposabljanja na potrebe trga dela, izbolj\u0161anju privla\u010dnosti poklicnega izobra\u017eevanja in usposabljanja in u\u010dinkovitemu izvajanju prakti\u010dnega usposabljanja pri delodajalcih. Cilj projekta je izbolj\u0161anje kompetenc izvajalcev poklicnega izobra\u017eevanja in usposabljanja v podjetjih (v nadaljevanju: mentorji) za kvalitetno svetovanje, izobra\u017eevanje, uvajanje v delo in prenos znanj dijakom in \u0161tudentom vi\u0161jih strokovnih \u0161ol, ki se prakti\u010dno usposabljajo z delom pri delodajalcih. Cilj je usposobiti skupno 755 mentorjev v podjetjih, od tega 400 za Sklop A in 355 za sklop B.<\/p>\n<h2 style=\"text-align: justify;\"><strong>Kaj omogo\u010da projekt Usposabljanje mentorjev 2021\u20132023?<\/strong><\/h2>\n<div class=\"multiColumnLayout\">\n<p style=\"text-align: justify;\">Usposabljanje mentorjev 2021\u20132023 omogo\u010da BREZPLA\u010cNO usposabljanje mentorjev dijakom oz. \u0161tudentom za izvajanje prakti\u010dnega usposabljanja z delom oz. prakti\u010dnega izobra\u017eevanja v podjetjih.<\/p>\n<p style=\"text-align: justify;\">Dijaki srednjih poklicnih in srednjih strokovnih \u0161ol namre\u010d del svoje izobra\u017eevalne poti pre\u017eivijo v podjetjih na t. i. prakti\u010dnem usposabljanju z delom (PUD), \u0161tudenti vi\u0161jih strokovnih \u0161ol pa se prakti\u010dno izobra\u017eujejo pri delodajalcih (PRI), kjer je bistvenega pomena primerno in kakovostno mentorstvo. Program omogo\u010da bodo\u010dim mentorjem pridobiti primerno pedago\u0161ko-andrago\u0161ko usposobljenost in kompetence, s katerimi bodo lahko dijakom in\/ali \u0161tudentom omogo\u010dali kvalitetno mentorstvo.<\/p>\n<\/div>\n<div class=\"breakline\"><\/div>\n<h2 style=\"text-align: justify;\"><strong>Zakaj se prijaviti na usposabljanje?<\/strong><\/h2>\n<div class=\"multiColumnLayout\">\n<p style=\"text-align: justify;\">Posameznik z usposabljanjem pridobi pedago\u0161ko-andrago\u0161ko usposobljenost za delo z dijaki in\/ali \u0161tudenti na delovnem mestu ter hkrati izbolj\u0161a svoje kompetence na podro\u010dju mentorstva.<\/p>\n<p style=\"text-align: justify;\">Projekt podjetjem omogo\u010da usposobiti kader, ki bodo primerni mentorji dijakom srednjih poklicnih in srednjih strokovnih \u0161ol, ki se prakti\u010dno usposabljajo z delom (PUD), in \u0161tudentom vi\u0161jih strokovnih \u0161ol, ki se prakti\u010dno izobra\u017eujejo pri delodajalcih (PRI).<\/p>\n<p style=\"text-align: justify;\">Podjetja in ustanove, ki se \u017eelijo vpisati v register u\u010dnih mest, morajo izpolnjevati kriterij primerne usposobljenosti zaposlenih za mentorstvo dijakom in\/ali \u0161tudentom na delovnem mestu. Projekt Usposabljanje mentorjev 2021\u20132023 bo poskrbel, da bodo njihovi bodo\u010di mentorji pridobili primerno in kvalitetno pedago\u0161ko-andrago\u0161ko usposobljenost za delo z dijaki in\/ali \u0161tudenti na delovnem mestu.<\/p>\n<\/div>\n<div class=\"breakline\"><\/div>\n<h2 style=\"text-align: justify;\"><strong>Kdo se lahko prijavi?<\/strong><\/h2>\n<div class=\"multiColumnLayout\">\n<p style=\"text-align: justify;\">Prijavi se lahko vsak posameznik, ki \u017eeli pridobiti kompetence in pedago\u0161ko-andrago\u0161ko usposobljenost za delo z dijaki in\/ali \u0161tudenti na delovnem mestu, ki ima primerno stopnjo izobrazbe.<\/p>\n<p style=\"text-align: justify;\">Svoje zaposlene lahko prijavi podjetje, ki se \u017eeli vpisati v register u\u010dnih mest, in ki \u017eeli svojim zaposlenim omogo\u010diti izpopolnjevanje na podro\u010dju mentorstva dijakom in \u0161tudentom v njihovem podjetju.<\/p>\n<p style=\"text-align: justify;\">Vstopni pogoji:<\/p>\n<p><strong>V program usposabljanja za mentorje dijakom na PUD se lahko vklju\u010di, kdor ima:<\/strong><\/p>\n<ul>\n<li>poklicno izobrazbo in vsaj pet let ustreznih delovnih izku\u0161enj ali<\/li>\n<li>srednjo strokovno izobrazbo in vsaj tri leta ustreznih delovnih izku\u0161enj ali<\/li>\n<li>vi\u0161jo izobrazbo in vsaj dve leti ustreznih delovnih izku\u0161enj.<\/li>\n<\/ul>\n<p><strong>V program usposabljanja za mentorje \u0161tudentom na PRI se lahko vklju\u010di, kdor ima:<\/strong><\/p>\n<ul>\n<li>vi\u0161jo izobrazbo in vsaj dve leti ustreznih delovnih izku\u0161enj.<\/li>\n<\/ul>\n<\/div>\n<div class=\"breakline\"><\/div>\n","protected":false},"excerpt":{"rendered":"<p>&nbsp; Namen in cilji projekta Usposabljanje mentorjev 2021\u20132023 Projekt JR Usposabljanje mentorjev 2021 \u2013 2023 v celoti financirata Ministrstvo za vzgojo, izobra\u017eevanje in \u0161port RS ter Evropska unija in sicer iz Evropskega socialnega sklada, ve\u010d o evropskih skladih na povezavi. Operacije se bodo izvajale v kohezijski regiji vzhodne Slovenije (KRVS) ter v kohezijski regiji zahodne [&hellip;]<\/p>\n","protected":false},"author":1,"featured_media":0,"parent":0,"menu_order":0,"comment_status":"closed","ping_status":"closed","template":"","meta":[],"_links":{"self":[{"href":"https:\/\/www.usposabljanje-mentorjev.si\/index.php\/wp-json\/wp\/v2\/pages\/8900"}],"collection":[{"href":"https:\/\/www.usposabljanje-mentorjev.si\/index.php\/wp-json\/wp\/v2\/pages"}],"about":[{"href":"https:\/\/www.usposabljanje-mentorjev.si\/index.php\/wp-json\/wp\/v2\/types\/page"}],"author":[{"embeddable":true,"href":"https:\/\/www.usposabljanje-mentorjev.si\/index.php\/wp-json\/wp\/v2\/users\/1"}],"replies":[{"embeddable":true,"href":"https:\/\/www.usposabljanje-mentorjev.si\/index.php\/wp-json\/wp\/v2\/comments?post=8900"}],"version-history":[{"count":10,"href":"https:\/\/www.usposabljanje-mentorjev.si\/index.php\/wp-json\/wp\/v2\/pages\/8900\/revisions"}],"predecessor-version":[{"id":8917,"href":"https:\/\/www.usposabljanje-mentorjev.si\/index.php\/wp-json\/wp\/v2\/pages\/8900\/revisions\/8917"}],"wp:attachment":[{"href":"https:\/\/www.usposabljanje-mentorjev.si\/index.php\/wp-json\/wp\/v2\/media?parent=8900"}],"curies":[{"name":"wp","href":"https:\/\/api.w.org\/{rel}","templated":true}]}}